{"id":82,"date":"2019-04-29T13:57:21","date_gmt":"2019-04-29T16:57:21","guid":{"rendered":"https:\/\/imnlagos.com.br\/2019\/?page_id=82"},"modified":"2021-06-27T19:52:52","modified_gmt":"2021-06-27T22:52:52","slug":"medicina-ocupacional","status":"publish","type":"page","link":"https:\/\/imnlagos.com.br\/2019\/medicina-ocupacional","title":{"rendered":"Medicina Ocupacional"},"content":{"rendered":"<p style=\"text-align: left;\"><img loading=\"lazy\" class=\"wp-image-1150 alignleft\" src=\"https:\/\/imnlagos.com.br\/2019\/wp-content\/uploads\/2021\/06\/MEDICINA-OCUPACIONAL-300x200.jpg\" alt=\"\" width=\"207\" height=\"138\" srcset=\"https:\/\/imnlagos.com.br\/2019\/wp-content\/uploads\/2021\/06\/MEDICINA-OCUPACIONAL-300x200.jpg 300w, https:\/\/imnlagos.com.br\/2019\/wp-content\/uploads\/2021\/06\/MEDICINA-OCUPACIONAL-90x60.jpg 90w, https:\/\/imnlagos.com.br\/2019\/wp-content\/uploads\/2021\/06\/MEDICINA-OCUPACIONAL-600x399.jpg 600w, https:\/\/imnlagos.com.br\/2019\/wp-content\/uploads\/2021\/06\/MEDICINA-OCUPACIONAL-390x259.jpg 390w, https:\/\/imnlagos.com.br\/2019\/wp-content\/uploads\/2021\/06\/MEDICINA-OCUPACIONAL.jpg 603w\" sizes=\"(max-width: 207px) 100vw, 207px\" \/>A Medicina Ocupacional \u00e9 um segmento da medicina que est\u00e1 diretamente ligado ao ambiente de trabalho (condi\u00e7\u00f5es de trabalho e seguran\u00e7a dos trabalhadores) e tem como principais objetivos a preserva\u00e7\u00e3o, manuten\u00e7\u00e3o e promo\u00e7\u00e3o da sa\u00fade, o bem-estar f\u00edsico, mental e social dos trabalhadores.<br \/>\nA sua abrang\u00eancia vai al\u00e9m da avalia\u00e7\u00e3o das condi\u00e7\u00f5es f\u00edsicas, pois se insere nas <span class=\"textexposedshow\">quest\u00f5es psicol\u00f3gicas e emocionais, contribuindo para o aperfei\u00e7oamento e conserva\u00e7\u00e3o da capacidade de trabalho.<\/span><\/p>\n<p>A Cl\u00ednica Costa do Sol e o Instituto de Medicina Nuclear podem atender todas as demandas deste segmento, como elabora\u00e7\u00e3o e execu\u00e7\u00e3o de PCMSO, PPRA, realiza\u00e7\u00e3o dos exames ocupacionais, controle de absente\u00edsmo.<\/p>\n<p>Com amplas e confort\u00e1veis instala\u00e7\u00f5es, estacionamento e exames complementares pr\u00f3prios,\u00a0 o IMN e a CCS possuem condi\u00e7\u00f5es favor\u00e1veis para agilizar os exames ocupacionais, evitando deslocamentos externos de colaboradores.<br \/>\nExame M\u00e9dico Admissional, Peri\u00f3dico, Demissional, Retorno ao Trabalho, Mudan\u00e7a de Fun\u00e7\u00e3o, libera\u00e7\u00e3o de Atestado de Sa\u00fade Ocupacional (ASO), Controle de Absente\u00edsmo.<br \/>\nAvalia\u00e7\u00e3o M\u00e9dica, Psicol\u00f3gica, Odontol\u00f3gica, Visual, Audiometria, Espirometria, Eletrocardiograma, Eletroencefalograma, Exames Laboratoriais, Exames Radiol\u00f3gicos, Teste Ergom\u00e9trico e todos os testes necess\u00e1rios para o trabalho onshore e offshore.<br \/>\nFa\u00e7a-nos uma visita ou contato pelo telefone (22) 2020.0239 &#8211; 2772.0101.<\/p>\n<p style=\"text-align: center;\"><strong><a href=\"https:\/\/imnlagos.com.br\/2019\">VOLTAR<\/a><\/strong><\/p>\n<p>&nbsp;<\/p>\n","protected":false},"excerpt":{"rendered":"<p>A Medicina Ocupacional \u00e9 um segmento da medicina que est\u00e1 diretamente ligado ao ambiente de trabalho (condi\u00e7\u00f5es de trabalho e seguran\u00e7a dos trabalhadores) e tem como principais objetivos a preserva\u00e7\u00e3o, manuten\u00e7\u00e3o e promo\u00e7\u00e3o da sa\u00fade, o bem-estar f\u00edsico, mental e social dos trabalhadores. A sua abrang\u00eancia vai al\u00e9m da avalia\u00e7\u00e3o das condi\u00e7\u00f5es f\u00edsicas, pois se&hellip;<\/p>\n","protected":false},"author":1,"featured_media":0,"parent":0,"menu_order":0,"comment_status":"closed","ping_status":"closed","template":"","meta":[],"_links":{"self":[{"href":"https:\/\/imnlagos.com.br\/2019\/wp-json\/wp\/v2\/pages\/82"}],"collection":[{"href":"https:\/\/imnlagos.com.br\/2019\/wp-json\/wp\/v2\/pages"}],"about":[{"href":"https:\/\/imnlagos.com.br\/2019\/wp-json\/wp\/v2\/types\/page"}],"author":[{"embeddable":true,"href":"https:\/\/imnlagos.com.br\/2019\/wp-json\/wp\/v2\/users\/1"}],"replies":[{"embeddable":true,"href":"https:\/\/imnlagos.com.br\/2019\/wp-json\/wp\/v2\/comments?post=82"}],"version-history":[{"count":8,"href":"https:\/\/imnlagos.com.br\/2019\/wp-json\/wp\/v2\/pages\/82\/revisions"}],"predecessor-version":[{"id":1151,"href":"https:\/\/imnlagos.com.br\/2019\/wp-json\/wp\/v2\/pages\/82\/revisions\/1151"}],"wp:attachment":[{"href":"https:\/\/imnlagos.com.br\/2019\/wp-json\/wp\/v2\/media?parent=82"}],"curies":[{"name":"wp","href":"https:\/\/api.w.org\/{rel}","templated":true}]}}