{"id":72,"date":"2019-04-29T13:54:27","date_gmt":"2019-04-29T16:54:27","guid":{"rendered":"https:\/\/imnlagos.com.br\/2019\/?page_id=72"},"modified":"2023-11-24T09:04:56","modified_gmt":"2023-11-24T12:04:56","slug":"mamografia-digital","status":"publish","type":"page","link":"https:\/\/imnlagos.com.br\/2019\/mamografia-digital","title":{"rendered":"Mamografia"},"content":{"rendered":"\t\t<div data-elementor-type=\"wp-page\" data-elementor-id=\"72\" class=\"elementor elementor-72\" data-elementor-settings=\"[]\">\n\t\t\t\t\t\t<div class=\"elementor-inner\">\n\t\t\t\t\t\t\t<div class=\"elementor-section-wrap\">\n\t\t\t\t\t\t\t<section class=\"elementor-section elementor-top-section elementor-element elementor-element-1676321 elementor-section-boxed elementor-section-height-default elementor-section-height-default\" data-id=\"1676321\" data-element_type=\"section\">\n\t\t\t\t\t\t<div class=\"elementor-container elementor-column-gap-default\">\n\t\t\t\t\t\t\t<div class=\"elementor-row\">\n\t\t\t\t\t<div class=\"elementor-column elementor-col-100 elementor-top-column elementor-element elementor-element-4beb72f2\" data-id=\"4beb72f2\" data-element_type=\"column\">\n\t\t\t<div class=\"elementor-column-wrap elementor-element-populated\">\n\t\t\t\t\t\t\t<div class=\"elementor-widget-wrap\">\n\t\t\t\t\t\t<div class=\"elementor-element elementor-element-50c46bb2 elementor-widget elementor-widget-text-editor\" data-id=\"50c46bb2\" data-element_type=\"widget\" data-widget_type=\"text-editor.default\">\n\t\t\t\t<div class=\"elementor-widget-container\">\n\t\t\t\t\t\t\t\t<div class=\"elementor-text-editor elementor-clearfix\">\n\t\t\t\t\t<p><img loading=\"lazy\" class=\"wp-image-1081 alignleft\" src=\"https:\/\/imnlagos.com.br\/2019\/wp-content\/uploads\/2021\/06\/MAMOGRAFIA-1-300x183.jpg\" alt=\"\" width=\"239\" height=\"146\" srcset=\"https:\/\/imnlagos.com.br\/2019\/wp-content\/uploads\/2021\/06\/MAMOGRAFIA-1-300x183.jpg 300w, https:\/\/imnlagos.com.br\/2019\/wp-content\/uploads\/2021\/06\/MAMOGRAFIA-1-99x60.jpg 99w, https:\/\/imnlagos.com.br\/2019\/wp-content\/uploads\/2021\/06\/MAMOGRAFIA-1-390x238.jpg 390w, https:\/\/imnlagos.com.br\/2019\/wp-content\/uploads\/2021\/06\/MAMOGRAFIA-1.jpg 601w\" sizes=\"(max-width: 239px) 100vw, 239px\" \/><\/p>\n<p>Mamografia<br>\u00c9 um&nbsp; tipo especial de radiografia, realizada em aparelhos espec\u00edficos, chamados mam\u00f3grafos.<br>O exame \u00e9 fundamental para a detec\u00e7\u00e3o precoce do c\u00e2ncer de mama, uma das doen\u00e7as que mais preocupa as mulheres em todo mundo.<br>Sabe-se que, quanto mais precocemente o c\u00e2ncer de mama \u00e9 detectado, melhor o resultado final do tratamento e as chances de cura.<br>Por isso, al\u00e9m do autoexame rotineiro (palpa\u00e7\u00e3o regular das mamas) a mamografia preventiva \u00e9 recomenda pelas sociedades m\u00e9dicas, a partir dos 50 anos de idade ou, at\u00e9 mais cedo, \u00e0 crit\u00e9rio dos m\u00e9dicos.<br>Converse com o seu m\u00e9dico sobre a necessidade de realizar mamografia e conte com o IMN, que disp\u00f5e de moderno mam\u00f3grafo digital, capaz de realizar exame de excelente qualidade, com a particularidade de n\u00e3o causar desconforto e expor as mamas a menor dose de radia\u00e7\u00e3o.<br>Aproveite os <a style=\"font-family: inherit; font-size: 18px; font-weight: bold; letter-spacing: -0.02em; text-align: center; background-color: #ffffff;\" href=\"https:\/\/imnlagos.com.br\/2019\/cctor_coupon\/analises-clinicas-cupom-exemplo\">&gt;&gt;&gt;CUPONS DE DESCONTOS&lt;&lt;&lt; <\/a>para os diferentes tipos de exames que realizamos.<br><\/p>\t\t\t\t\t<\/div>\n\t\t\t\t\t\t<\/div>\n\t\t\t\t<\/div>\n\t\t\t\t\t\t<\/div>\n\t\t\t\t\t<\/div>\n\t\t<\/div>\n\t\t\t\t\t\t\t\t<\/div>\n\t\t\t\t\t<\/div>\n\t\t<\/section>\n\t\t\t\t\t\t<\/div>\n\t\t\t\t\t\t<\/div>\n\t\t\t\t\t<\/div>\n\t\t","protected":false},"excerpt":{"rendered":"<p>Mamografia\u00c9 um&nbsp; tipo especial de radiografia, realizada em aparelhos espec\u00edficos, chamados mam\u00f3grafos.O exame \u00e9 fundamental para a detec\u00e7\u00e3o precoce do c\u00e2ncer de mama, uma das doen\u00e7as que mais preocupa as mulheres em todo mundo.Sabe-se que, quanto mais precocemente o c\u00e2ncer de mama \u00e9 detectado, melhor o resultado final do tratamento e as chances de cura.Por&hellip;<\/p>\n","protected":false},"author":1,"featured_media":0,"parent":0,"menu_order":0,"comment_status":"closed","ping_status":"closed","template":"","meta":[],"_links":{"self":[{"href":"https:\/\/imnlagos.com.br\/2019\/wp-json\/wp\/v2\/pages\/72"}],"collection":[{"href":"https:\/\/imnlagos.com.br\/2019\/wp-json\/wp\/v2\/pages"}],"about":[{"href":"https:\/\/imnlagos.com.br\/2019\/wp-json\/wp\/v2\/types\/page"}],"author":[{"embeddable":true,"href":"https:\/\/imnlagos.com.br\/2019\/wp-json\/wp\/v2\/users\/1"}],"replies":[{"embeddable":true,"href":"https:\/\/imnlagos.com.br\/2019\/wp-json\/wp\/v2\/comments?post=72"}],"version-history":[{"count":29,"href":"https:\/\/imnlagos.com.br\/2019\/wp-json\/wp\/v2\/pages\/72\/revisions"}],"predecessor-version":[{"id":2412,"href":"https:\/\/imnlagos.com.br\/2019\/wp-json\/wp\/v2\/pages\/72\/revisions\/2412"}],"wp:attachment":[{"href":"https:\/\/imnlagos.com.br\/2019\/wp-json\/wp\/v2\/media?parent=72"}],"curies":[{"name":"wp","href":"https:\/\/api.w.org\/{rel}","templated":true}]}}