{"id":70,"date":"2019-04-29T13:53:48","date_gmt":"2019-04-29T16:53:48","guid":{"rendered":"https:\/\/imnlagos.com.br\/2019\/?page_id=70"},"modified":"2023-08-20T12:13:38","modified_gmt":"2023-08-20T15:13:38","slug":"desintometria-ossea","status":"publish","type":"page","link":"https:\/\/imnlagos.com.br\/2019\/desintometria-ossea","title":{"rendered":"Densitometria \u00d3ssea"},"content":{"rendered":"<p><img loading=\"lazy\" class=\"wp-image-1113 alignleft\" src=\"https:\/\/imnlagos.com.br\/2019\/wp-content\/uploads\/2021\/06\/DENSITOMETRIA-1-300x198.jpg\" alt=\"\" width=\"200\" height=\"132\" srcset=\"https:\/\/imnlagos.com.br\/2019\/wp-content\/uploads\/2021\/06\/DENSITOMETRIA-1-300x198.jpg 300w, https:\/\/imnlagos.com.br\/2019\/wp-content\/uploads\/2021\/06\/DENSITOMETRIA-1-91x60.jpg 91w, https:\/\/imnlagos.com.br\/2019\/wp-content\/uploads\/2021\/06\/DENSITOMETRIA-1-600x395.jpg 600w, https:\/\/imnlagos.com.br\/2019\/wp-content\/uploads\/2021\/06\/DENSITOMETRIA-1-390x257.jpg 390w, https:\/\/imnlagos.com.br\/2019\/wp-content\/uploads\/2021\/06\/DENSITOMETRIA-1.jpg 606w\" sizes=\"(max-width: 200px) 100vw, 200px\" \/><\/p>\n<p>Densitometria \u00d3ssea<br \/>\n\u00c9 o exame mais moderno, aprimorado e in\u00f3cuo para medir a densidade mineral \u00f3ssea, comparada a padr\u00f5es para idade e sexo.<br \/>\nA sua aplica\u00e7\u00e3o est\u00e1 indicada para o diagn\u00f3stico e tratamento da osteoporose, al\u00e9m de outras doen\u00e7as que possam atingir os ossos.<br \/>\nO exame \u00e9 de f\u00e1cil realiza\u00e7\u00e3o e n\u00e3o oferece maiores desconforto aos pacientes, como pode ser observado na figura.<br \/>\nO Instituto de Medicina Nuclear, em Maca\u00e9 e Rio das Ostras, realiza Densitometria \u00d3ssea segundo os protocolos recomendados pela Organiza\u00e7\u00e3o Mundial de Sa\u00fade e pela Sociedade Brasileira de Densitometria Cl\u00ednica, o que proporciona grande \u00a0seguran\u00e7a e confiabilidade dos resultados.<br \/>\nSiga corretamente a indica\u00e7\u00e3o do seu m\u00e9dico e conte com a experi\u00eancia do IMN para realizar o seu exame de Densitometria \u00d3ssea.<\/p>\n<p style=\"text-align: center;\"><strong><a href=\"https:\/\/imnlagos.com.br\/2019\">VOLTAR<\/a><\/strong><\/p>\n","protected":false},"excerpt":{"rendered":"<p>Densitometria \u00d3ssea \u00c9 o exame mais moderno, aprimorado e in\u00f3cuo para medir a densidade mineral \u00f3ssea, comparada a padr\u00f5es para idade e sexo. A sua aplica\u00e7\u00e3o est\u00e1 indicada para o diagn\u00f3stico e tratamento da osteoporose, al\u00e9m de outras doen\u00e7as que possam atingir os ossos. O exame \u00e9 de f\u00e1cil realiza\u00e7\u00e3o e n\u00e3o oferece maiores desconforto&hellip;<\/p>\n","protected":false},"author":1,"featured_media":0,"parent":0,"menu_order":0,"comment_status":"closed","ping_status":"closed","template":"","meta":[],"_links":{"self":[{"href":"https:\/\/imnlagos.com.br\/2019\/wp-json\/wp\/v2\/pages\/70"}],"collection":[{"href":"https:\/\/imnlagos.com.br\/2019\/wp-json\/wp\/v2\/pages"}],"about":[{"href":"https:\/\/imnlagos.com.br\/2019\/wp-json\/wp\/v2\/types\/page"}],"author":[{"embeddable":true,"href":"https:\/\/imnlagos.com.br\/2019\/wp-json\/wp\/v2\/users\/1"}],"replies":[{"embeddable":true,"href":"https:\/\/imnlagos.com.br\/2019\/wp-json\/wp\/v2\/comments?post=70"}],"version-history":[{"count":22,"href":"https:\/\/imnlagos.com.br\/2019\/wp-json\/wp\/v2\/pages\/70\/revisions"}],"predecessor-version":[{"id":2095,"href":"https:\/\/imnlagos.com.br\/2019\/wp-json\/wp\/v2\/pages\/70\/revisions\/2095"}],"wp:attachment":[{"href":"https:\/\/imnlagos.com.br\/2019\/wp-json\/wp\/v2\/media?parent=70"}],"curies":[{"name":"wp","href":"https:\/\/api.w.org\/{rel}","templated":true}]}}