{"id":64,"date":"2019-04-29T13:52:28","date_gmt":"2019-04-29T16:52:28","guid":{"rendered":"https:\/\/imnlagos.com.br\/2019\/?page_id=64"},"modified":"2019-04-29T14:33:23","modified_gmt":"2019-04-29T17:33:23","slug":"teste-do-dna","status":"publish","type":"page","link":"https:\/\/imnlagos.com.br\/2019\/laboratorio\/teste-do-dna","title":{"rendered":"Teste do DNA"},"content":{"rendered":"<p>Ap\u00f3s conv\u00eanio firmado com o departamento de Gen\u00e9tica Humana do Instituto de Patologia Cl\u00ednica Dr. Hermes Pardini, em Belo Horizonte, a popula\u00e7\u00e3o de nossa regi\u00e3o conta com a realiza\u00e7\u00e3o do Exame de Paternidade &#8211; DNA, sem que haja necessidade de deslocar-se para os grandes centros.<\/p>\n<p>A metodologia utilizada, a mais moderna em termos de identifica\u00e7\u00e3o humana, o PCR-STR, validado e utilizado internacionalmente e os equipamentos s\u00e3o os mais atuais, usados inclusive pelo F.B.I., nos Estados Unidos.<\/p>\n<p>O departamento segue rigorosamente as normas nacionais e internacionais de qualidade, o que lhe conferiu o certificado internacional da ISO 9002, sendo o primeiro laborat\u00f3rio de gen\u00e9tica do Brasil a obter este certificado.<\/p>\n<p><strong>Interpreta\u00e7\u00e3o:<\/strong><br \/>\nExclus\u00e3o: \u00c9 quando o indiv\u00edduo que est\u00e1 sendo analizado pode ser o pai. N\u00e3o \u00e9 o pai biol\u00f3gico da crianca em quest\u00e3o.<\/p>\n<p>Inclus\u00e3o: Significa que ap\u00f3s a realiza\u00e7\u00e3o do exame, n\u00e3o foi poss\u00edvel excluir o indiv\u00edduo acusado do fato dele ser o pai biol\u00f3gico da crian\u00e7a em quest\u00e3o. Nestes casos \u00e9 dado uma probabilidade de que se que seja realmente o pai biol\u00f3gico. Esta probabilidade pode variar de caso a caso, por\u00e9m, geralmente \u00e9 pr\u00f3xima \u00e0 99,99%.<\/p>\n<p><strong>Preparo do Paciente:<\/strong><br \/>\nJejum n\u00e3o \u00e9 necess\u00e1rio. Os pacientes n\u00e3o podem ter sofrido transfus\u00e3o de sangue ou derrame por 90 dias. Apresentar RG e Certid\u00e3o de Nascimento ou comprovante da maternidade.<\/p>\n<p style=\"text-align: center;\"><strong><a href=\"https:\/\/imnlagos.com.br\/2019\/laboratorio\/\">VOLTAR<\/a><\/strong><\/p>\n","protected":false},"excerpt":{"rendered":"<p>Ap\u00f3s conv\u00eanio firmado com o departamento de Gen\u00e9tica Humana do Instituto de Patologia Cl\u00ednica Dr. Hermes Pardini, em Belo Horizonte, a popula\u00e7\u00e3o de nossa regi\u00e3o conta com a realiza\u00e7\u00e3o do Exame de Paternidade &#8211; DNA, sem que haja necessidade de deslocar-se para os grandes centros. A metodologia utilizada, a mais moderna em termos de identifica\u00e7\u00e3o&hellip;<\/p>\n","protected":false},"author":1,"featured_media":0,"parent":38,"menu_order":0,"comment_status":"closed","ping_status":"closed","template":"template\/template-page-full-width.php","meta":[],"_links":{"self":[{"href":"https:\/\/imnlagos.com.br\/2019\/wp-json\/wp\/v2\/pages\/64"}],"collection":[{"href":"https:\/\/imnlagos.com.br\/2019\/wp-json\/wp\/v2\/pages"}],"about":[{"href":"https:\/\/imnlagos.com.br\/2019\/wp-json\/wp\/v2\/types\/page"}],"author":[{"embeddable":true,"href":"https:\/\/imnlagos.com.br\/2019\/wp-json\/wp\/v2\/users\/1"}],"replies":[{"embeddable":true,"href":"https:\/\/imnlagos.com.br\/2019\/wp-json\/wp\/v2\/comments?post=64"}],"version-history":[{"count":3,"href":"https:\/\/imnlagos.com.br\/2019\/wp-json\/wp\/v2\/pages\/64\/revisions"}],"predecessor-version":[{"id":162,"href":"https:\/\/imnlagos.com.br\/2019\/wp-json\/wp\/v2\/pages\/64\/revisions\/162"}],"up":[{"embeddable":true,"href":"https:\/\/imnlagos.com.br\/2019\/wp-json\/wp\/v2\/pages\/38"}],"wp:attachment":[{"href":"https:\/\/imnlagos.com.br\/2019\/wp-json\/wp\/v2\/media?parent=64"}],"curies":[{"name":"wp","href":"https:\/\/api.w.org\/{rel}","templated":true}]}}