{"id":62,"date":"2019-04-29T13:52:04","date_gmt":"2019-04-29T16:52:04","guid":{"rendered":"https:\/\/imnlagos.com.br\/2019\/?page_id=62"},"modified":"2021-09-05T18:56:38","modified_gmt":"2021-09-05T21:56:38","slug":"patologia-clinica-ocupacional","status":"publish","type":"page","link":"https:\/\/imnlagos.com.br\/2019\/laboratorio\/patologia-clinica-ocupacional","title":{"rendered":"Patologia"},"content":{"rendered":"\t\t<div data-elementor-type=\"wp-post\" data-elementor-id=\"62\" class=\"elementor elementor-62\" data-elementor-settings=\"[]\">\n\t\t\t\t\t\t<div class=\"elementor-inner\">\n\t\t\t\t\t\t\t<div class=\"elementor-section-wrap\">\n\t\t\t\t\t\t\t<section class=\"elementor-section elementor-top-section elementor-element elementor-element-51230130 elementor-section-boxed elementor-section-height-default elementor-section-height-default\" data-id=\"51230130\" data-element_type=\"section\">\n\t\t\t\t\t\t<div class=\"elementor-container elementor-column-gap-default\">\n\t\t\t\t\t\t\t<div class=\"elementor-row\">\n\t\t\t\t\t<div class=\"elementor-column elementor-col-100 elementor-top-column elementor-element elementor-element-76987428\" data-id=\"76987428\" data-element_type=\"column\">\n\t\t\t<div class=\"elementor-column-wrap elementor-element-populated\">\n\t\t\t\t\t\t\t<div class=\"elementor-widget-wrap\">\n\t\t\t\t\t\t<div class=\"elementor-element elementor-element-4493d599 elementor-widget elementor-widget-text-editor\" data-id=\"4493d599\" data-element_type=\"widget\" data-widget_type=\"text-editor.default\">\n\t\t\t\t<div class=\"elementor-widget-container\">\n\t\t\t\t\t\t\t\t<div class=\"elementor-text-editor elementor-clearfix\">\n\t\t\t\t\t<p style=\"text-align: justify; margin: 0cm 0cm 7.5pt 0cm;\"><span style=\"font-size: 14.0pt; font-family: 'Helvetica','sans-serif'; color: #444444;\">A Anatomia Patol\u00f3gica \u00e9 a especialidade m\u00e9dica que tem o objetivo de diagnosticar doen\u00e7as pelo estudo macrosc\u00f3pico e\/ou microsc\u00f3pico de materiais biol\u00f3gicos obtidos a partir de \u00f3rg\u00e3os, tecidos ou fluidos.<\/span><\/p><p style=\"text-align: justify; margin: 0cm 0cm 7.5pt 0cm;\"><span style=\"letter-spacing: 0px; font-size: 14pt; font-family: Helvetica, sans-serif; color: #444444;\">Nessa \u00e1rea, tamb\u00e9m destacamos os exames citol\u00f3gicos, sobretudo o preventivo ginecol\u00f3gico, que \u00e9 um importante instrumento de preven\u00e7\u00e3o do c\u00e2ncer na mulher.<\/span><\/p><p style=\"text-align: justify; margin: 0cm 0cm 7.5pt 0cm;\"><span style=\"letter-spacing: 0px; font-size: 14pt; font-family: Helvetica, sans-serif; color: #444444;\">No IMN, tamb\u00e9m \u00e9 poss\u00edvel realizar os procedimentos guiados pela ultrassonografia, como a pun\u00e7\u00e3o aspirativa por agulha Fina \u2013 PAAF e a Core Biopsy de mama.<\/span><span style=\"letter-spacing: 0px; color: #444444; font-family: Helvetica, sans-serif; font-size: 14pt;\">\u00a0<\/span><\/p><p style=\"text-align: center;\"><strong><a href=\"https:\/\/imnlagos.com.br\/2019\/laboratorio\/\">VOLTAR<\/a><\/strong><\/p>\t\t\t\t\t<\/div>\n\t\t\t\t\t\t<\/div>\n\t\t\t\t<\/div>\n\t\t\t\t\t\t<\/div>\n\t\t\t\t\t<\/div>\n\t\t<\/div>\n\t\t\t\t\t\t\t\t<\/div>\n\t\t\t\t\t<\/div>\n\t\t<\/section>\n\t\t\t\t\t\t<\/div>\n\t\t\t\t\t\t<\/div>\n\t\t\t\t\t<\/div>\n\t\t","protected":false},"excerpt":{"rendered":"<p>A Anatomia Patol\u00f3gica \u00e9 a especialidade m\u00e9dica que tem como objetivo diagnosticar doen\u00e7as pelo estudo macrosc\u00f3pico e\/ou microsc\u00f3pico de materiais biol\u00f3gicos obtidos a partir de \u00f3rg\u00e3os, tecidos ou fluidos. O exame \u00e9 feito a partir de fragmentos de qualquer tecido vivo, utilizando um microsc\u00f3pio \u00f3ptico. Este material, geralmente, \u00e9 coletado em pequenas cirurgias ambulatoriais, ou&hellip;<\/p>\n","protected":false},"author":1,"featured_media":0,"parent":38,"menu_order":0,"comment_status":"closed","ping_status":"closed","template":"","meta":[],"_links":{"self":[{"href":"https:\/\/imnlagos.com.br\/2019\/wp-json\/wp\/v2\/pages\/62"}],"collection":[{"href":"https:\/\/imnlagos.com.br\/2019\/wp-json\/wp\/v2\/pages"}],"about":[{"href":"https:\/\/imnlagos.com.br\/2019\/wp-json\/wp\/v2\/types\/page"}],"author":[{"embeddable":true,"href":"https:\/\/imnlagos.com.br\/2019\/wp-json\/wp\/v2\/users\/1"}],"replies":[{"embeddable":true,"href":"https:\/\/imnlagos.com.br\/2019\/wp-json\/wp\/v2\/comments?post=62"}],"version-history":[{"count":11,"href":"https:\/\/imnlagos.com.br\/2019\/wp-json\/wp\/v2\/pages\/62\/revisions"}],"predecessor-version":[{"id":1130,"href":"https:\/\/imnlagos.com.br\/2019\/wp-json\/wp\/v2\/pages\/62\/revisions\/1130"}],"up":[{"embeddable":true,"href":"https:\/\/imnlagos.com.br\/2019\/wp-json\/wp\/v2\/pages\/38"}],"wp:attachment":[{"href":"https:\/\/imnlagos.com.br\/2019\/wp-json\/wp\/v2\/media?parent=62"}],"curies":[{"name":"wp","href":"https:\/\/api.w.org\/{rel}","templated":true}]}}