{"id":60,"date":"2019-04-29T13:51:37","date_gmt":"2019-04-29T16:51:37","guid":{"rendered":"https:\/\/imnlagos.com.br\/2019\/?page_id=60"},"modified":"2019-04-29T14:31:52","modified_gmt":"2019-04-29T17:31:52","slug":"drogas-de-abuso","status":"publish","type":"page","link":"https:\/\/imnlagos.com.br\/2019\/laboratorio\/drogas-de-abuso","title":{"rendered":"Drogas de Abuso"},"content":{"rendered":"<p>Tamb\u00e9m neste segmento, o Instituto de Medicina Nuclear, buscou o conv\u00eanio com uma institui\u00e7\u00e3o com experi\u00eancia dada a delicadeza do assunto e a peculiaridade t\u00e9cnica que as an\u00e1lises exigem.<\/p>\n<p>Importante instrumento diagn\u00f3stico para a detec\u00e7\u00e3o de uso de drogas de abuso, o exame dever\u00e1 ser solicitado por m\u00e9dicos de empresas, institui\u00e7\u00f5es de tratamento ou particulares que acompanham o caso em quest\u00e3o.<\/p>\n<p>O teste dever\u00e1 no entanto, ser autorizado por escrito pelo paciente, a n\u00e3o ser que haja<br \/>\nurg\u00eancia m\u00e9dica que caracterize risco de vida.<\/p>\n<p>A coleta e feita de maneira supervisionada, e a amostra coletada \u00e9 fracionada em duas partes, sendo uma para ser mantida para exame de contra-prova por prazo determinado.<\/p>\n<p>A confidencialidade dos resultados \u00e9 preservada por notifica\u00e7\u00e3o exclusiva ao m\u00e9dico solicitante ou ao pr\u00f3prio paciente.<\/p>\n<p><b>Dentre as drogas mais solicitadas est\u00e3o:<br \/>\n<\/b><br \/>\n&#8211; maconha (marijuana);<br \/>\n&#8211; coca\u00edna;<br \/>\n&#8211; hero\u00edna;<br \/>\n&#8211; \u00e1lcool et\u00edlico;<br \/>\n&#8211; anfetaminas;<\/p>\n<p style=\"text-align: center;\"><strong><a href=\"https:\/\/imnlagos.com.br\/2019\/laboratorio\/\">VOLTAR<\/a><\/strong><\/p>\n","protected":false},"excerpt":{"rendered":"<p>Tamb\u00e9m neste segmento, o Instituto de Medicina Nuclear, buscou o conv\u00eanio com uma institui\u00e7\u00e3o com experi\u00eancia dada a delicadeza do assunto e a peculiaridade t\u00e9cnica que as an\u00e1lises exigem. Importante instrumento diagn\u00f3stico para a detec\u00e7\u00e3o de uso de drogas de abuso, o exame dever\u00e1 ser solicitado por m\u00e9dicos de empresas, institui\u00e7\u00f5es de tratamento ou particulares&hellip;<\/p>\n","protected":false},"author":1,"featured_media":0,"parent":38,"menu_order":0,"comment_status":"closed","ping_status":"closed","template":"template\/template-page-full-width.php","meta":[],"_links":{"self":[{"href":"https:\/\/imnlagos.com.br\/2019\/wp-json\/wp\/v2\/pages\/60"}],"collection":[{"href":"https:\/\/imnlagos.com.br\/2019\/wp-json\/wp\/v2\/pages"}],"about":[{"href":"https:\/\/imnlagos.com.br\/2019\/wp-json\/wp\/v2\/types\/page"}],"author":[{"embeddable":true,"href":"https:\/\/imnlagos.com.br\/2019\/wp-json\/wp\/v2\/users\/1"}],"replies":[{"embeddable":true,"href":"https:\/\/imnlagos.com.br\/2019\/wp-json\/wp\/v2\/comments?post=60"}],"version-history":[{"count":4,"href":"https:\/\/imnlagos.com.br\/2019\/wp-json\/wp\/v2\/pages\/60\/revisions"}],"predecessor-version":[{"id":153,"href":"https:\/\/imnlagos.com.br\/2019\/wp-json\/wp\/v2\/pages\/60\/revisions\/153"}],"up":[{"embeddable":true,"href":"https:\/\/imnlagos.com.br\/2019\/wp-json\/wp\/v2\/pages\/38"}],"wp:attachment":[{"href":"https:\/\/imnlagos.com.br\/2019\/wp-json\/wp\/v2\/media?parent=60"}],"curies":[{"name":"wp","href":"https:\/\/api.w.org\/{rel}","templated":true}]}}