{"id":58,"date":"2019-04-29T13:51:17","date_gmt":"2019-04-29T16:51:17","guid":{"rendered":"https:\/\/imnlagos.com.br\/2019\/?page_id=58"},"modified":"2019-04-29T14:32:40","modified_gmt":"2019-04-29T17:32:40","slug":"marcadores-tumorais","status":"publish","type":"page","link":"https:\/\/imnlagos.com.br\/2019\/laboratorio\/marcadores-tumorais","title":{"rendered":"Marcadores Tumorais"},"content":{"rendered":"<p>S\u00e3o subst\u00e2ncias que funcionam como indicadores da presen\u00e7a de c\u00e2ncer. Podem ser subst\u00e2ncias normalmente produzidas pelas c\u00e9lulas de tecidos originais que, quando transformadas pela malignidade, passam a produz\u00ed-las em quantidades elevadas; ou subst\u00e2ncias relacionadas xxxxxxxx tumoral, que s\u00f3 ser\u00e3o xxxxxxxxx quando existir atividade cancerosa.<\/p>\n<p align=\"left\">Pioneiro na \u00e1rea de Oncologia em nossa regi\u00e3o, o\u00a0<strong>Instituto de Medicina Nuclear<\/strong>\u00a0procura manter-se em cont\u00ednua atualiza\u00e7\u00e3o de seus m\u00e9todos para garantir desta forma a eterna vanguarda, auxiliando ao M\u00e9dico assistente a realiza\u00e7\u00e3o das an\u00e1lises que conirmar\u00e3o suas hip\u00f3teses diagn\u00f3sticas.<\/p>\n<p>Dentre os marcadores tumorais mais comuns realizados pelo nosso servi\u00e7o est\u00e3o:<\/p>\n<div align=\"center\">\n<p>&nbsp;<\/p>\n<table id=\"table49\" border=\"1\" cellspacing=\"0\" cellpadding=\"0\">\n<tbody>\n<tr>\n<td valign=\"top\" bgcolor=\"#008000\" width=\"225\">\n<p align=\"center\"><strong>Marcador<\/strong><\/p>\n<\/td>\n<td valign=\"top\" bgcolor=\"#008000\" width=\"225\">\n<p align=\"center\"><strong>Tecido Relacionado<\/strong><\/p>\n<\/td>\n<\/tr>\n<tr>\n<td valign=\"top\" width=\"225\">PSA &#8211; Ant\u00edgeno Prost\u00e1tico Espec\u00edfico<\/td>\n<td valign=\"top\" width=\"225\">Pr\u00f3stata<\/td>\n<\/tr>\n<tr>\n<td valign=\"top\" width=\"225\">AFP &#8211; Alfa Feto Prote\u00edna<\/td>\n<td valign=\"top\" width=\"225\">Test\u00edculos, F\u00edgado<\/td>\n<\/tr>\n<tr>\n<td valign=\"top\" width=\"225\">Beta 2 &#8211; Microglobulina<\/td>\n<td valign=\"top\" width=\"225\">Medula \u00d3ssea<\/td>\n<\/tr>\n<tr>\n<td valign=\"top\" width=\"225\">CT &#8211; Calcitonina<\/td>\n<td valign=\"top\" width=\"225\">Tire\u00f3ide<\/td>\n<\/tr>\n<tr>\n<td valign=\"top\" width=\"225\">CA 15 &#8211; 3<\/td>\n<td valign=\"top\" width=\"225\">Mama<\/td>\n<\/tr>\n<tr>\n<td valign=\"top\" width=\"225\">CA 19 &#8211; 9<\/td>\n<td valign=\"top\" width=\"225\">P\u00e2ncreas, Est\u00f4mago, C\u00f3lon<\/td>\n<\/tr>\n<tr>\n<td valign=\"top\" width=\"225\">CA 50<\/td>\n<td valign=\"top\" width=\"225\">P\u00e2ncreas, C\u00f3lon<\/td>\n<\/tr>\n<tr>\n<td valign=\"top\" width=\"225\">CA 72<\/td>\n<td valign=\"top\" width=\"225\">C\u00f3lon, Est\u00f4mago, Pulm\u00f5es, Mama, \u00datero<\/td>\n<\/tr>\n<tr>\n<td valign=\"top\" width=\"225\">CA 125<\/td>\n<td valign=\"top\" width=\"225\">Ov\u00e1rios<\/td>\n<\/tr>\n<tr>\n<td valign=\"top\" width=\"225\">CEA<\/td>\n<td valign=\"top\" width=\"225\">Mama, Pulm\u00f5es, P\u00e2ncreas, Intestino, Est\u00f4mago<\/td>\n<\/tr>\n<tr>\n<td valign=\"top\" width=\"225\">HCG<\/td>\n<td valign=\"top\" width=\"225\">Test\u00edculos<\/td>\n<\/tr>\n<\/tbody>\n<\/table>\n<p>&nbsp;<\/p>\n<p><strong><a href=\"https:\/\/imnlagos.com.br\/2019\/laboratorio\/\">VOLTAR<\/a><\/strong><\/p>\n<\/div>\n","protected":false},"excerpt":{"rendered":"<p>S\u00e3o subst\u00e2ncias que funcionam como indicadores da presen\u00e7a de c\u00e2ncer. Podem ser subst\u00e2ncias normalmente produzidas pelas c\u00e9lulas de tecidos originais que, quando transformadas pela malignidade, passam a produz\u00ed-las em quantidades elevadas; ou subst\u00e2ncias relacionadas xxxxxxxx tumoral, que s\u00f3 ser\u00e3o xxxxxxxxx quando existir atividade cancerosa. Pioneiro na \u00e1rea de Oncologia em nossa regi\u00e3o, o\u00a0Instituto de Medicina&hellip;<\/p>\n","protected":false},"author":1,"featured_media":0,"parent":38,"menu_order":0,"comment_status":"closed","ping_status":"closed","template":"template\/template-page-full-width.php","meta":[],"_links":{"self":[{"href":"https:\/\/imnlagos.com.br\/2019\/wp-json\/wp\/v2\/pages\/58"}],"collection":[{"href":"https:\/\/imnlagos.com.br\/2019\/wp-json\/wp\/v2\/pages"}],"about":[{"href":"https:\/\/imnlagos.com.br\/2019\/wp-json\/wp\/v2\/types\/page"}],"author":[{"embeddable":true,"href":"https:\/\/imnlagos.com.br\/2019\/wp-json\/wp\/v2\/users\/1"}],"replies":[{"embeddable":true,"href":"https:\/\/imnlagos.com.br\/2019\/wp-json\/wp\/v2\/comments?post=58"}],"version-history":[{"count":3,"href":"https:\/\/imnlagos.com.br\/2019\/wp-json\/wp\/v2\/pages\/58\/revisions"}],"predecessor-version":[{"id":158,"href":"https:\/\/imnlagos.com.br\/2019\/wp-json\/wp\/v2\/pages\/58\/revisions\/158"}],"up":[{"embeddable":true,"href":"https:\/\/imnlagos.com.br\/2019\/wp-json\/wp\/v2\/pages\/38"}],"wp:attachment":[{"href":"https:\/\/imnlagos.com.br\/2019\/wp-json\/wp\/v2\/media?parent=58"}],"curies":[{"name":"wp","href":"https:\/\/api.w.org\/{rel}","templated":true}]}}