{"id":56,"date":"2019-04-29T13:50:51","date_gmt":"2019-04-29T16:50:51","guid":{"rendered":"https:\/\/imnlagos.com.br\/2019\/?page_id=56"},"modified":"2019-04-29T14:33:40","modified_gmt":"2019-04-29T17:33:40","slug":"teste-do-pezinho","status":"publish","type":"page","link":"https:\/\/imnlagos.com.br\/2019\/laboratorio\/teste-do-pezinho","title":{"rendered":"Teste do Pezinho"},"content":{"rendered":"<p>O Teste do Pezinho \u00e9 um exame de triagem feito no beb\u00ea a partir do seu 3\u00ba dia de vida. \u00c9 um teste muito importante, pois permite detectar e tratar precocemente diversas doen\u00e7as e, desta forma, evitar sequelas e problemas graves, como o retardo mental.<\/p>\n<p align=\"left\"><span style=\"color: #000000; font-family: Arial; font-size: small;\">Toda esta seguran\u00e7a exige apenas a coleta, em papel filtro, de algumas gotas de sangue do calcanhar do beb\u00ea.<\/span><\/p>\n<p align=\"center\"><em><strong><span style=\"color: #000000; font-family: Arial; font-size: small;\">O exame \u00e9 feito em laborat\u00f3rio terceirizado.<\/span><\/strong><\/em><\/p>\n<p><strong>Algumas doen\u00e7as que o Teste do Pezinho pode detectar precocemente:<\/strong><\/p>\n<div align=\"center\">\n<table id=\"table49\" border=\"0\" width=\"500\" cellspacing=\"0\" cellpadding=\"0\">\n<tbody>\n<tr>\n<td width=\"380\"><span style=\"color: #000000; font-family: Arial; font-size: small;\"><strong>Fenilceton\u00faria<\/strong>\u00a0&#8211; Dist\u00farbio gen\u00e9tico no qual um dos amino\u00e1cidos presentes no leite amea\u00e7a a sa\u00fade do beb\u00ea, causando retardo mental grave.<br \/>\n<strong>Exame:<\/strong>\u00a0PKU<\/span><\/td>\n<\/tr>\n<tr>\n<td width=\"380\"><span style=\"color: #000000; font-family: Arial; font-size: small;\"><strong>Galactosemia<\/strong>\u00a0&#8211; A galactose presente no leite causa, nas crian\u00e7as com galactosemia, um quadro grave marcado por catarata, convuls\u00f5es e diarr\u00e9ia.<br \/>\n<strong>Exame:<\/strong>\u00a0Galactose<\/span><\/td>\n<\/tr>\n<tr>\n<td width=\"380\"><span style=\"color: #000000; font-family: Arial; font-size: small;\"><strong>Hipotireoidismo<\/strong>\u00a0&#8211; A falta dos horm\u00f4nios produzidos na gl\u00e2ndula tire\u00f3ide causa defici\u00eancia mental e retardo de crescimento.<br \/>\n<strong>Exame:<\/strong>\u00a0TSH T4 Neonatal<\/span><\/td>\n<\/tr>\n<tr>\n<td width=\"380\"><span style=\"color: #000000; font-family: Arial; font-size: small;\"><strong>Hiperplasia Adrenal<\/strong>\u00a0&#8211; Dist\u00farbio no metabolismo que pode levar \u00e0 desidrata\u00e7\u00e3o aguda e, na menina, a masculiniza\u00e7\u00e3o dos \u00f3rg\u00e3os genitais.<br \/>\n<strong>Exame:<\/strong>\u00a017 OH Progesterona Neonatal<\/span><\/td>\n<\/tr>\n<tr>\n<td width=\"380\"><span style=\"color: #000000; font-family: Arial; font-size: small;\"><strong>Fibrose C\u00edstica<\/strong>\u00a0&#8211; Doen\u00e7a gen\u00e9tica que causa problemas respirat\u00f3rios e gastrointestinais cr\u00f4nicos.<br \/>\n<strong>Exame:<\/strong>\u00a0Tripsina Imunoreativa<\/span><\/td>\n<\/tr>\n<tr>\n<td width=\"380\"><span style=\"color: #000000; font-family: Arial; font-size: small;\"><strong>Defici\u00eancia de Biotidinase<\/strong>\u00a0&#8211; A car\u00eancia da biotina pode levar \u00e0 convuls\u00f5es, falta de equil\u00edbrio, hipotonia, les\u00f5es na pele, perda de audi\u00e7\u00e3o, retardo no desenvolvimento e acidose metab\u00f3lica.<br \/>\n<strong>Exame:<\/strong>\u00a0Biotinidase<\/span><\/td>\n<\/tr>\n<tr>\n<td width=\"380\"><span style=\"color: #000000; font-family: Arial; font-size: small;\"><strong>Toxoplasmose<\/strong>\u00a0&#8211; Infec\u00e7\u00e3o adquirida pela gestante que, se transmitida ao feto, pode causar microcefalia, les\u00f5es oculares, entre outros.<br \/>\n<strong>Exame:<\/strong>\u00a0Toxoplasmose<\/span><\/td>\n<\/tr>\n<tr>\n<td width=\"380\"><span style=\"color: #000000; font-family: Arial; font-size: small;\"><strong>G6PD<\/strong>\u00a0&#8211; A defici\u00eancia de Glicose-6-Fosfato Desidrogenase \u00e9 a enzimopatia mais comum. Os pacientes com deficiencia de G6PD podem apresentar grave icter\u00edcia neonatal (&#8220;amarel\u00e3o&#8221;) ou anemia hemol\u00edtica (ruptura dos gl\u00f3bulos vermelhos).<br \/>\n<strong>Exame:<\/strong>\u00a0G6PD<\/span><\/td>\n<\/tr>\n<tr>\n<td width=\"380\"><span style=\"color: #000000; font-family: Arial; font-size: small;\"><strong>Anemia Falciforme<\/strong>\u00a0&#8211; As hemoglobinopatias s\u00e3o doen\u00e7as causadas por anormalidades na estrutura molecular ou na produ\u00e7\u00e3o da hemoglobina. Crian\u00e7as com hemoglobina S anormal s\u00e3o altamente suscet\u00edveis \u00e0 anemia e infec\u00e7\u00f5es.<br \/>\n<strong>Exame:<\/strong>\u00a0Eletroforese de Hemoglobina<\/span><\/td>\n<\/tr>\n<tr>\n<td width=\"380\"><span style=\"color: #000000; font-family: Arial; font-size: small;\"><span style=\"color: #000000; font-family: Arial; font-size: small;\"><br \/>\n<strong>Doen\u00e7as Infecciosas<\/strong><\/span><\/span><strong>S\u00edfilis<\/strong>\u00a0&#8211; A crian\u00e7a que adquire esta doen\u00e7a durante a gesta\u00e7\u00e3o pode apresentar, ao nascimento, problemas de pele, ossos, ba\u00e7o, f\u00edgado, e sistema nervoso. Em alguns casos, a doen\u00e7a s\u00f3 se manifesta ap\u00f3s alguns anos.<br \/>\n<strong>Exame:<\/strong>\u00a0VDRL<strong>Citomegalovirose<\/strong>\u00a0&#8211; Entre as manifeta\u00e7\u00f5es associadas \u00e0 infec\u00e7\u00e3o cong\u00eanita pelo citomegalov\u00edrus est\u00e3o a hidrocefalia, calcifica\u00e7\u00f5es cerebrais e sequelas visuais, auditivas e mentais.<br \/>\n<strong>Exame:<\/strong>\u00a0CMV<\/p>\n<p><strong>Doen\u00e7a de Chagas<\/strong>\u00a0&#8211; Parasitose que, quando adquirida na gesta\u00e7\u00e3o, pode se manifestar por anemia, febre, dores musculares, les\u00f5es \u00f3sseas e graus variados de problemas card\u00edacos.<br \/>\n<strong>Exame:<\/strong>\u00a0Chagas<\/p>\n<p><strong>Rub\u00e9ola<\/strong>\u00a0&#8211; Infec\u00e7\u00e3o viral transmitida pela m\u00e3e ao feto que pode causar defici\u00eancia mental, retardo no crescimento, defici\u00eancia auditiva, defeitos card\u00edacos, catarata, les\u00f5es \u00f3sseas e outros problemas.<br \/>\n<strong>Exame:<\/strong>\u00a0Rub\u00e9ola IGM<\/p>\n<p><strong>AIDS<\/strong>\u00a0&#8211; A S\u00edndrome da Imunodefici\u00eancia Adquirida pode ser transmitida ao feto pela m\u00e3e contaminada pelo v\u00edrus HIV.<br \/>\n<strong>Exame:<\/strong>\u00a0HIV<\/td>\n<\/tr>\n<\/tbody>\n<\/table>\n<p><strong><a href=\"https:\/\/imnlagos.com.br\/2019\/laboratorio\/\">VOLTAR<\/a><\/strong><\/p>\n<\/div>\n","protected":false},"excerpt":{"rendered":"<p>O Teste do Pezinho \u00e9 um exame de triagem feito no beb\u00ea a partir do seu 3\u00ba dia de vida. \u00c9 um teste muito importante, pois permite detectar e tratar precocemente diversas doen\u00e7as e, desta forma, evitar sequelas e problemas graves, como o retardo mental. Toda esta seguran\u00e7a exige apenas a coleta, em papel filtro,&hellip;<\/p>\n","protected":false},"author":1,"featured_media":0,"parent":38,"menu_order":0,"comment_status":"closed","ping_status":"closed","template":"template\/template-page-full-width.php","meta":[],"_links":{"self":[{"href":"https:\/\/imnlagos.com.br\/2019\/wp-json\/wp\/v2\/pages\/56"}],"collection":[{"href":"https:\/\/imnlagos.com.br\/2019\/wp-json\/wp\/v2\/pages"}],"about":[{"href":"https:\/\/imnlagos.com.br\/2019\/wp-json\/wp\/v2\/types\/page"}],"author":[{"embeddable":true,"href":"https:\/\/imnlagos.com.br\/2019\/wp-json\/wp\/v2\/users\/1"}],"replies":[{"embeddable":true,"href":"https:\/\/imnlagos.com.br\/2019\/wp-json\/wp\/v2\/comments?post=56"}],"version-history":[{"count":3,"href":"https:\/\/imnlagos.com.br\/2019\/wp-json\/wp\/v2\/pages\/56\/revisions"}],"predecessor-version":[{"id":163,"href":"https:\/\/imnlagos.com.br\/2019\/wp-json\/wp\/v2\/pages\/56\/revisions\/163"}],"up":[{"embeddable":true,"href":"https:\/\/imnlagos.com.br\/2019\/wp-json\/wp\/v2\/pages\/38"}],"wp:attachment":[{"href":"https:\/\/imnlagos.com.br\/2019\/wp-json\/wp\/v2\/media?parent=56"}],"curies":[{"name":"wp","href":"https:\/\/api.w.org\/{rel}","templated":true}]}}