{"id":551,"date":"2019-05-31T13:26:18","date_gmt":"2019-05-31T16:26:18","guid":{"rendered":"https:\/\/imnlagos.com.br\/2019\/?page_id=551"},"modified":"2023-08-24T16:47:25","modified_gmt":"2023-08-24T19:47:25","slug":"eletroencefalograma","status":"publish","type":"page","link":"https:\/\/imnlagos.com.br\/2019\/eletroencefalograma","title":{"rendered":"Eletroencefalograma"},"content":{"rendered":"<p><img loading=\"lazy\" class=\"wp-image-1140 alignleft\" src=\"https:\/\/imnlagos.com.br\/2019\/wp-content\/uploads\/2021\/06\/ELETROENCEFALOGRAMA-300x205.jpg\" alt=\"\" width=\"257\" height=\"176\" srcset=\"https:\/\/imnlagos.com.br\/2019\/wp-content\/uploads\/2021\/06\/ELETROENCEFALOGRAMA-300x205.jpg 300w, https:\/\/imnlagos.com.br\/2019\/wp-content\/uploads\/2021\/06\/ELETROENCEFALOGRAMA-88x60.jpg 88w, https:\/\/imnlagos.com.br\/2019\/wp-content\/uploads\/2021\/06\/ELETROENCEFALOGRAMA-390x267.jpg 390w, https:\/\/imnlagos.com.br\/2019\/wp-content\/uploads\/2021\/06\/ELETROENCEFALOGRAMA.jpg 601w\" sizes=\"(max-width: 257px) 100vw, 257px\" \/>Eletroencefalograma (EEG)<br \/>\n\u00c9 um m\u00e9todo de monitoramento eletrofisiol\u00f3gico, utilizado para registrar a atividade el\u00e9trica do c\u00e9rebro, atrav\u00e9s de eletrodos colocados sobre o couro cabeludo.<br \/>\nO exame mede as flutua\u00e7\u00f5es de tens\u00e3o resultante da corrente i\u00f4nica dentro dos neur\u00f4nios do c\u00e9rebro, durante um certo tempo, produzindo gr\u00e1ficos que s\u00e3o adequadamente analisados por aplicativos de diagn\u00f3stico.<br \/>\nO EEG frequentemente\u00a0\u00a0\u00e9 utilizado para o diagn\u00f3stico de epilepsia, m\u00e1s tamb\u00e9m pode ser empregado em outras condi\u00e7\u00f5es, como dist\u00farbios do sono etc.<br \/>\nEm Maca\u00e9 ou Rio das Ostras, conte como o IMN para realizar Eletroencefalograma e Mapeamento Cerebral com conforto e seguran\u00e7a.<\/p>\n<p style=\"text-align: center;\"><strong><a href=\"https:\/\/imnlagos.com.br\/2019\">VOLTAR<\/a><\/strong><\/p>\n","protected":false},"excerpt":{"rendered":"<p>Eletroencefalograma (EEG) \u00c9 um m\u00e9todo de monitoramento eletrofisiol\u00f3gico, utilizado para registrar a atividade el\u00e9trica do c\u00e9rebro, atrav\u00e9s de eletrodos colocados sobre o couro cabeludo. O exame mede as flutua\u00e7\u00f5es de tens\u00e3o resultante da corrente i\u00f4nica dentro dos neur\u00f4nios do c\u00e9rebro, durante um certo tempo, produzindo gr\u00e1ficos que s\u00e3o adequadamente analisados por aplicativos de diagn\u00f3stico. O&hellip;<\/p>\n","protected":false},"author":1,"featured_media":0,"parent":0,"menu_order":0,"comment_status":"closed","ping_status":"closed","template":"","meta":[],"_links":{"self":[{"href":"https:\/\/imnlagos.com.br\/2019\/wp-json\/wp\/v2\/pages\/551"}],"collection":[{"href":"https:\/\/imnlagos.com.br\/2019\/wp-json\/wp\/v2\/pages"}],"about":[{"href":"https:\/\/imnlagos.com.br\/2019\/wp-json\/wp\/v2\/types\/page"}],"author":[{"embeddable":true,"href":"https:\/\/imnlagos.com.br\/2019\/wp-json\/wp\/v2\/users\/1"}],"replies":[{"embeddable":true,"href":"https:\/\/imnlagos.com.br\/2019\/wp-json\/wp\/v2\/comments?post=551"}],"version-history":[{"count":13,"href":"https:\/\/imnlagos.com.br\/2019\/wp-json\/wp\/v2\/pages\/551\/revisions"}],"predecessor-version":[{"id":2122,"href":"https:\/\/imnlagos.com.br\/2019\/wp-json\/wp\/v2\/pages\/551\/revisions\/2122"}],"wp:attachment":[{"href":"https:\/\/imnlagos.com.br\/2019\/wp-json\/wp\/v2\/media?parent=551"}],"curies":[{"name":"wp","href":"https:\/\/api.w.org\/{rel}","templated":true}]}}