{"id":54,"date":"2019-04-29T13:50:24","date_gmt":"2019-04-29T16:50:24","guid":{"rendered":"https:\/\/imnlagos.com.br\/2019\/?page_id=54"},"modified":"2019-04-29T14:32:50","modified_gmt":"2019-04-29T17:32:50","slug":"microbiologia","status":"publish","type":"page","link":"https:\/\/imnlagos.com.br\/2019\/laboratorio\/microbiologia","title":{"rendered":"Microbiologia"},"content":{"rendered":"<p>A microbiologia m\u00e9dica \u00e9 a especialidade que estuda os microorganismos, com destaque para as bact\u00e9rias, auxiliando ao m\u00e9dico assim no diagn\u00f3stico e tratamento das infec\u00e7\u00f5es causadas pelas mesmas.<\/p>\n<p>Apesar de sua caracter\u00edstica de investiga\u00e7\u00e3o artesanal e por vezes prolongada, tem um lugar de destaque no diagn\u00f3stico da maioria das doen\u00e7as infecciosas, sendo em alguns casos o \u00fanico m\u00e9todo dispon\u00edvel para o diagn\u00f3stico. A quantidade de um dado bacteriol\u00f3gico est\u00e1 diretamente relacionado com a qualidade da amostra. Por isso, \u00e9 de fundamental import\u00e2ncia que sejam observadas as t\u00e9cnicas de coleta, transporte, e conserva\u00e7\u00e3o da amostras, assim como informa\u00e7\u00f5es adequadas quanto ao local e tipo de infec\u00e7\u00e3o.<\/p>\n<p>Um dado cl\u00ednico omitido poder\u00e1 impedir a semeadura em meios adequados ao crescimento dos pat\u00f3genos prov\u00e1veis naquele tipo de infec\u00e7\u00e3o.<\/p>\n<p>Orienta\u00e7\u00e3o para a Coleta:<\/p>\n<p><strong>Urina:<\/strong><\/p>\n<p>\u00c9 recomend\u00e1vel a primeira urina da manh\u00e3 (colher o jato m\u00e9dio, desprezando o primeiro jato), sempre que poss\u00edvel, pelo aumento da contagem bacteriana ap\u00f3s a incuba\u00e7\u00e3o &#8220;overnight&#8221; na bexiga.<\/p>\n<p>N\u00e3o aumentar a ingest\u00e3o de l\u00edquidos, pois ir\u00e1 diluir a urina e diminuir a contagem de col\u00f4nias.<\/p>\n<p>Havendo suspeita cl\u00ednica, por\u00e9m, de infec\u00e7\u00e3o urin\u00e1ria aguda, a urina poder\u00e1 ser colhida e processada em qualquer hor\u00e1rio. Em pacientes assintom\u00e1ticos, colher tr\u00eas amostras em dias consecutivos.<\/p>\n<p>Preparo do Paciente: o ideal \u00e9 colher a urina antes do uso de antimicrobianos. Fazer a higiene da regi\u00e3o genital com \u00e1gua e sab\u00e3o. N\u00e3o usar anti-s\u00e9pticos. Enxaguar com toalha limpa ou gaze.<\/p>\n<p><strong>Fezes:<\/strong><\/p>\n<p>O material deve ser colhido antes do uso de antimicrobianos e 4 dias ap\u00f3s o uso de contrastes radiol\u00f3gicos. Fezes colhidas nos primeiros dias de doen\u00e7a apresentam mais resultados positivos.<\/p>\n<p>A coleta de amostras sucessivas aumenta a chance de isolamento do pat\u00f3geno.<\/p>\n<p>Coleta: usar coletor est\u00e9ril, fornecido pelo laborat\u00f3rio.<\/p>\n<p><strong>Secre\u00e7\u00f5es em Geral<\/strong>:O material dever\u00e1 ser colhido pelo laborat\u00f3rio ou m\u00e9dico assistente.<\/p>\n<p style=\"text-align: center;\"><strong><a href=\"https:\/\/imnlagos.com.br\/2019\/laboratorio\/\">VOLTAR<\/a><\/strong><\/p>\n","protected":false},"excerpt":{"rendered":"<p>A microbiologia m\u00e9dica \u00e9 a especialidade que estuda os microorganismos, com destaque para as bact\u00e9rias, auxiliando ao m\u00e9dico assim no diagn\u00f3stico e tratamento das infec\u00e7\u00f5es causadas pelas mesmas. Apesar de sua caracter\u00edstica de investiga\u00e7\u00e3o artesanal e por vezes prolongada, tem um lugar de destaque no diagn\u00f3stico da maioria das doen\u00e7as infecciosas, sendo em alguns casos&hellip;<\/p>\n","protected":false},"author":1,"featured_media":0,"parent":38,"menu_order":0,"comment_status":"closed","ping_status":"closed","template":"template\/template-page-full-width.php","meta":[],"_links":{"self":[{"href":"https:\/\/imnlagos.com.br\/2019\/wp-json\/wp\/v2\/pages\/54"}],"collection":[{"href":"https:\/\/imnlagos.com.br\/2019\/wp-json\/wp\/v2\/pages"}],"about":[{"href":"https:\/\/imnlagos.com.br\/2019\/wp-json\/wp\/v2\/types\/page"}],"author":[{"embeddable":true,"href":"https:\/\/imnlagos.com.br\/2019\/wp-json\/wp\/v2\/users\/1"}],"replies":[{"embeddable":true,"href":"https:\/\/imnlagos.com.br\/2019\/wp-json\/wp\/v2\/comments?post=54"}],"version-history":[{"count":3,"href":"https:\/\/imnlagos.com.br\/2019\/wp-json\/wp\/v2\/pages\/54\/revisions"}],"predecessor-version":[{"id":159,"href":"https:\/\/imnlagos.com.br\/2019\/wp-json\/wp\/v2\/pages\/54\/revisions\/159"}],"up":[{"embeddable":true,"href":"https:\/\/imnlagos.com.br\/2019\/wp-json\/wp\/v2\/pages\/38"}],"wp:attachment":[{"href":"https:\/\/imnlagos.com.br\/2019\/wp-json\/wp\/v2\/media?parent=54"}],"curies":[{"name":"wp","href":"https:\/\/api.w.org\/{rel}","templated":true}]}}