{"id":52,"date":"2019-04-29T13:49:55","date_gmt":"2019-04-29T16:49:55","guid":{"rendered":"https:\/\/imnlagos.com.br\/2019\/?page_id=52"},"modified":"2019-04-29T14:32:16","modified_gmt":"2019-04-29T17:32:16","slug":"hematologia","status":"publish","type":"page","link":"https:\/\/imnlagos.com.br\/2019\/laboratorio\/hematologia","title":{"rendered":"Hematologia"},"content":{"rendered":"<p>A Hematologia compreende o estudo das c\u00e9lulas sangu\u00edneas e da coagula\u00e7\u00e3o. Abrange as an\u00e1lises de concentra\u00e7\u00e3o, estrutura e fun\u00e7\u00e3o das c\u00e9lulas no sangue, seus precursores na medula \u00f3ssea, constituintes qu\u00edmicos do plasma ou soro intimamente ligados com a estrutura e fun\u00e7\u00e3o da c\u00e9lula vermelha e prote\u00ednas envolvidas na coagula\u00e7\u00e3o sangu\u00ednea. \u00c9 constitu\u00edda basicamente por quatro setores distintos: estudo da hemoglobina, hematologia geral, hemostasia e coagula\u00e7\u00e3o e a imunohematologia.<\/p>\n<p>Neste setor voc\u00ea poder\u00e1 realizar seus exames feitos pelo contador autom\u00e1tico de hematologia AVL 816.<\/p>\n<p>A supervis\u00e3o dos exames \u00e9 feita pela m\u00e9dica patologista cl\u00ednica Dra. Val\u00e9ria Ramalho Servino.<\/p>\n<p style=\"text-align: center;\"><strong><a href=\"https:\/\/imnlagos.com.br\/2019\/laboratorio\/\">VOLTAR<\/a><\/strong><\/p>\n","protected":false},"excerpt":{"rendered":"<p>A Hematologia compreende o estudo das c\u00e9lulas sangu\u00edneas e da coagula\u00e7\u00e3o. Abrange as an\u00e1lises de concentra\u00e7\u00e3o, estrutura e fun\u00e7\u00e3o das c\u00e9lulas no sangue, seus precursores na medula \u00f3ssea, constituintes qu\u00edmicos do plasma ou soro intimamente ligados com a estrutura e fun\u00e7\u00e3o da c\u00e9lula vermelha e prote\u00ednas envolvidas na coagula\u00e7\u00e3o sangu\u00ednea. \u00c9 constitu\u00edda basicamente por quatro&hellip;<\/p>\n","protected":false},"author":1,"featured_media":0,"parent":38,"menu_order":0,"comment_status":"closed","ping_status":"closed","template":"template\/template-page-full-width.php","meta":[],"_links":{"self":[{"href":"https:\/\/imnlagos.com.br\/2019\/wp-json\/wp\/v2\/pages\/52"}],"collection":[{"href":"https:\/\/imnlagos.com.br\/2019\/wp-json\/wp\/v2\/pages"}],"about":[{"href":"https:\/\/imnlagos.com.br\/2019\/wp-json\/wp\/v2\/types\/page"}],"author":[{"embeddable":true,"href":"https:\/\/imnlagos.com.br\/2019\/wp-json\/wp\/v2\/users\/1"}],"replies":[{"embeddable":true,"href":"https:\/\/imnlagos.com.br\/2019\/wp-json\/wp\/v2\/comments?post=52"}],"version-history":[{"count":3,"href":"https:\/\/imnlagos.com.br\/2019\/wp-json\/wp\/v2\/pages\/52\/revisions"}],"predecessor-version":[{"id":155,"href":"https:\/\/imnlagos.com.br\/2019\/wp-json\/wp\/v2\/pages\/52\/revisions\/155"}],"up":[{"embeddable":true,"href":"https:\/\/imnlagos.com.br\/2019\/wp-json\/wp\/v2\/pages\/38"}],"wp:attachment":[{"href":"https:\/\/imnlagos.com.br\/2019\/wp-json\/wp\/v2\/media?parent=52"}],"curies":[{"name":"wp","href":"https:\/\/api.w.org\/{rel}","templated":true}]}}