{"id":50,"date":"2019-04-29T13:49:23","date_gmt":"2019-04-29T16:49:23","guid":{"rendered":"https:\/\/imnlagos.com.br\/2019\/?page_id=50"},"modified":"2019-04-29T14:32:59","modified_gmt":"2019-04-29T17:32:59","slug":"parasitologia","status":"publish","type":"page","link":"https:\/\/imnlagos.com.br\/2019\/laboratorio\/parasitologia","title":{"rendered":"Parasitologia"},"content":{"rendered":"<p>Aqui s\u00e3o feitas as an\u00e1lises das fezes buscando identificar formas parasit\u00e1rias presentes nas mesmas. Alguns m\u00e9todos evidenciam um maior n\u00famero de formas, enquanto outros s\u00e3o mais espec\u00edficos.<\/p>\n<p align=\"left\">Cada parasito ou grupo de parasitos possui caracter\u00edsticas morfol\u00f3gicas ou biol\u00f3gicas que permitem o desenvolvimento de t\u00e9cnicas especiais usadas em seu diagn\u00f3stico.<\/p>\n<p>Al\u00e9m disso, as t\u00e9cnicas que utilizam conservantes (m\u00e9todo MIF-C) propiciam um avan\u00e7o, podendo se analizar amostras seriadas do material. Dentre os parasitos mais importantes, buscamos observar a presen\u00e7a de protozo\u00e1rios, ovos e larvas de helmintos.<\/p>\n<p style=\"text-align: center;\"><strong><a href=\"https:\/\/imnlagos.com.br\/2019\/laboratorio\/\">VOLTAR<\/a><\/strong><\/p>\n","protected":false},"excerpt":{"rendered":"<p>Aqui s\u00e3o feitas as an\u00e1lises das fezes buscando identificar formas parasit\u00e1rias presentes nas mesmas. Alguns m\u00e9todos evidenciam um maior n\u00famero de formas, enquanto outros s\u00e3o mais espec\u00edficos. Cada parasito ou grupo de parasitos possui caracter\u00edsticas morfol\u00f3gicas ou biol\u00f3gicas que permitem o desenvolvimento de t\u00e9cnicas especiais usadas em seu diagn\u00f3stico. Al\u00e9m disso, as t\u00e9cnicas que utilizam&hellip;<\/p>\n","protected":false},"author":1,"featured_media":0,"parent":38,"menu_order":0,"comment_status":"closed","ping_status":"closed","template":"template\/template-page-full-width.php","meta":[],"_links":{"self":[{"href":"https:\/\/imnlagos.com.br\/2019\/wp-json\/wp\/v2\/pages\/50"}],"collection":[{"href":"https:\/\/imnlagos.com.br\/2019\/wp-json\/wp\/v2\/pages"}],"about":[{"href":"https:\/\/imnlagos.com.br\/2019\/wp-json\/wp\/v2\/types\/page"}],"author":[{"embeddable":true,"href":"https:\/\/imnlagos.com.br\/2019\/wp-json\/wp\/v2\/users\/1"}],"replies":[{"embeddable":true,"href":"https:\/\/imnlagos.com.br\/2019\/wp-json\/wp\/v2\/comments?post=50"}],"version-history":[{"count":3,"href":"https:\/\/imnlagos.com.br\/2019\/wp-json\/wp\/v2\/pages\/50\/revisions"}],"predecessor-version":[{"id":160,"href":"https:\/\/imnlagos.com.br\/2019\/wp-json\/wp\/v2\/pages\/50\/revisions\/160"}],"up":[{"embeddable":true,"href":"https:\/\/imnlagos.com.br\/2019\/wp-json\/wp\/v2\/pages\/38"}],"wp:attachment":[{"href":"https:\/\/imnlagos.com.br\/2019\/wp-json\/wp\/v2\/media?parent=50"}],"curies":[{"name":"wp","href":"https:\/\/api.w.org\/{rel}","templated":true}]}}