{"id":48,"date":"2019-04-29T13:48:57","date_gmt":"2019-04-29T16:48:57","guid":{"rendered":"https:\/\/imnlagos.com.br\/2019\/?page_id=48"},"modified":"2019-04-29T14:32:32","modified_gmt":"2019-04-29T17:32:32","slug":"imunologia","status":"publish","type":"page","link":"https:\/\/imnlagos.com.br\/2019\/laboratorio\/imunologia","title":{"rendered":"Imunologia"},"content":{"rendered":"<p>Os m\u00e9todos imunol\u00f3gicos diretos ou indiretos t\u00eam sido amplamente utilizados para suprir as defici\u00eancias dos m\u00e9todos parasitol\u00f3gicos ou microbiol\u00f3gicos na pesquisa de ant\u00edgenos, anticorpos ou imunocomplexos, pela rapidez, simplicidade e possibilidade de automa\u00e7\u00e3o.<\/p>\n<p><span style=\"font-family: Arial; font-size: small;\">V\u00e1rias provas e testes s\u00e3o realizados com supervis\u00e3o m\u00e9dica e os resultados em at\u00e9 24 horas.<\/span><span style=\"color: #000000; font-family: Arial; font-size: small;\"><br \/>\n<\/span><span style=\"font-family: Arial; font-size: small;\"><br \/>\nAl\u00e9m das tradicionais provas utilizando os m\u00e9todos de aglutina\u00e7\u00e3o pelo l\u00e1tex, inibi\u00e7\u00e3o da hemoaglutina\u00e7\u00e3o, fixa\u00e7\u00e3o do complemento e imunofluoresc\u00eancia, contamos tamb\u00e9m com a imunodifus\u00e3o radial, turbidimetria, enzimoimunoensaio e enzimoquimiofluoresc\u00eancia, estes \u00faltimos traduzindo um grau de avan\u00e7o na \u00faltima d\u00e9cada, aumentando desta forma o grau de precis\u00e3o dos resultados.<\/span><\/p>\n<p style=\"text-align: center;\"><strong><a href=\"https:\/\/imnlagos.com.br\/2019\/laboratorio\/\">VOLTAR<\/a><\/strong><\/p>\n","protected":false},"excerpt":{"rendered":"<p>Os m\u00e9todos imunol\u00f3gicos diretos ou indiretos t\u00eam sido amplamente utilizados para suprir as defici\u00eancias dos m\u00e9todos parasitol\u00f3gicos ou microbiol\u00f3gicos na pesquisa de ant\u00edgenos, anticorpos ou imunocomplexos, pela rapidez, simplicidade e possibilidade de automa\u00e7\u00e3o. V\u00e1rias provas e testes s\u00e3o realizados com supervis\u00e3o m\u00e9dica e os resultados em at\u00e9 24 horas. Al\u00e9m das tradicionais provas utilizando os&hellip;<\/p>\n","protected":false},"author":1,"featured_media":0,"parent":38,"menu_order":0,"comment_status":"closed","ping_status":"closed","template":"template\/template-page-full-width.php","meta":[],"_links":{"self":[{"href":"https:\/\/imnlagos.com.br\/2019\/wp-json\/wp\/v2\/pages\/48"}],"collection":[{"href":"https:\/\/imnlagos.com.br\/2019\/wp-json\/wp\/v2\/pages"}],"about":[{"href":"https:\/\/imnlagos.com.br\/2019\/wp-json\/wp\/v2\/types\/page"}],"author":[{"embeddable":true,"href":"https:\/\/imnlagos.com.br\/2019\/wp-json\/wp\/v2\/users\/1"}],"replies":[{"embeddable":true,"href":"https:\/\/imnlagos.com.br\/2019\/wp-json\/wp\/v2\/comments?post=48"}],"version-history":[{"count":3,"href":"https:\/\/imnlagos.com.br\/2019\/wp-json\/wp\/v2\/pages\/48\/revisions"}],"predecessor-version":[{"id":157,"href":"https:\/\/imnlagos.com.br\/2019\/wp-json\/wp\/v2\/pages\/48\/revisions\/157"}],"up":[{"embeddable":true,"href":"https:\/\/imnlagos.com.br\/2019\/wp-json\/wp\/v2\/pages\/38"}],"wp:attachment":[{"href":"https:\/\/imnlagos.com.br\/2019\/wp-json\/wp\/v2\/media?parent=48"}],"curies":[{"name":"wp","href":"https:\/\/api.w.org\/{rel}","templated":true}]}}