{"id":46,"date":"2019-04-29T13:48:30","date_gmt":"2019-04-29T16:48:30","guid":{"rendered":"https:\/\/imnlagos.com.br\/2019\/?page_id=46"},"modified":"2019-04-29T19:33:22","modified_gmt":"2019-04-29T22:33:22","slug":"bioquimica","status":"publish","type":"page","link":"https:\/\/imnlagos.com.br\/2019\/laboratorio\/bioquimica","title":{"rendered":"Bioqu\u00edmica"},"content":{"rendered":"<p>Neste setor s\u00e3o realizados diversos exames que ajudam ao m\u00e9dico a interpretar o metabolismo dos pacientes. Por exemplo, aqui s\u00e3o feita as dosagens de colesterol, glicose e in\u00fameros outros elementos.<\/p>\n<p>A realiza\u00e7\u00e3o de exames espec\u00edficos tamb\u00e9m pelo m\u00e9todo de turbidimetria garante uma precis\u00e3o muito mais acurada, devido \u00e0 sua sensibilidade.<\/p>\n<p>O equipamento usado pelo\u00a0<strong>Instituto de Medicina Nuclear<\/strong>\u00a0\u00e9 um analisador autom\u00e1tico Selectra II de Tecnologia Merck, reconhecido pela sua seriedade em equipamentos, utilizando controles de qualidade em duplicatas para garantir uma maior reprodutibilidade nas an\u00e1lises.<\/p>\n<p style=\"text-align: center;\"><strong><a href=\"https:\/\/imnlagos.com.br\/2019\/laboratorio\/\">VOLTAR<\/a><\/strong><\/p>\n","protected":false},"excerpt":{"rendered":"<p>Neste setor s\u00e3o realizados diversos exames que ajudam ao m\u00e9dico a interpretar o metabolismo dos pacientes. Por exemplo, aqui s\u00e3o feita as dosagens de colesterol, glicose e in\u00fameros outros elementos. A realiza\u00e7\u00e3o de exames espec\u00edficos tamb\u00e9m pelo m\u00e9todo de turbidimetria garante uma precis\u00e3o muito mais acurada, devido \u00e0 sua sensibilidade. O equipamento usado pelo\u00a0Instituto de&hellip;<\/p>\n","protected":false},"author":1,"featured_media":0,"parent":38,"menu_order":0,"comment_status":"closed","ping_status":"closed","template":"template\/template-page-full-width.php","meta":[],"_links":{"self":[{"href":"https:\/\/imnlagos.com.br\/2019\/wp-json\/wp\/v2\/pages\/46"}],"collection":[{"href":"https:\/\/imnlagos.com.br\/2019\/wp-json\/wp\/v2\/pages"}],"about":[{"href":"https:\/\/imnlagos.com.br\/2019\/wp-json\/wp\/v2\/types\/page"}],"author":[{"embeddable":true,"href":"https:\/\/imnlagos.com.br\/2019\/wp-json\/wp\/v2\/users\/1"}],"replies":[{"embeddable":true,"href":"https:\/\/imnlagos.com.br\/2019\/wp-json\/wp\/v2\/comments?post=46"}],"version-history":[{"count":3,"href":"https:\/\/imnlagos.com.br\/2019\/wp-json\/wp\/v2\/pages\/46\/revisions"}],"predecessor-version":[{"id":151,"href":"https:\/\/imnlagos.com.br\/2019\/wp-json\/wp\/v2\/pages\/46\/revisions\/151"}],"up":[{"embeddable":true,"href":"https:\/\/imnlagos.com.br\/2019\/wp-json\/wp\/v2\/pages\/38"}],"wp:attachment":[{"href":"https:\/\/imnlagos.com.br\/2019\/wp-json\/wp\/v2\/media?parent=46"}],"curies":[{"name":"wp","href":"https:\/\/api.w.org\/{rel}","templated":true}]}}