{"id":42,"date":"2019-04-29T13:46:55","date_gmt":"2019-04-29T16:46:55","guid":{"rendered":"https:\/\/imnlagos.com.br\/2019\/?page_id=42"},"modified":"2019-04-29T14:33:55","modified_gmt":"2019-04-29T17:33:55","slug":"urinalise","status":"publish","type":"page","link":"https:\/\/imnlagos.com.br\/2019\/laboratorio\/urinalise","title":{"rendered":"Urin\u00e1lise"},"content":{"rendered":"<p align=\"left\">A an\u00e1lise de urina como meio diagn\u00f3stico remete-se \u00e0 antig\u00fcidade. Embora n\u00e3o dispusessem de m\u00e9todos sofisticados, os antigos obtinham, atrav\u00e9s da observa\u00e7\u00e3o de dados como varia\u00e7\u00e3o de cor, odor, volume, turva\u00e7\u00e3o e at\u00e9 mesmo da presen\u00e7a de a\u00e7\u00facar na urina, informa\u00e7\u00f5es sobre diversas patologias.<\/p>\n<p>At\u00e9 hoje, essas caracter\u00edsticas f\u00edsicas s\u00e3o utilizadas como parte da rotina na avalia\u00e7\u00e3o da urina, agora por\u00e9m, associadas a m\u00e9todos sofisticados para a an\u00e1lise das caracter\u00edsticas bioqu\u00edmicas, al\u00e9m dos elementos anormais observados \u00e0 microscopia do sedimento urin\u00e1rio.<\/p>\n<p style=\"text-align: center;\"><strong><a href=\"https:\/\/imnlagos.com.br\/2019\/laboratorio\/\">VOLTAR<\/a><\/strong><\/p>\n","protected":false},"excerpt":{"rendered":"<p>A an\u00e1lise de urina como meio diagn\u00f3stico remete-se \u00e0 antig\u00fcidade. Embora n\u00e3o dispusessem de m\u00e9todos sofisticados, os antigos obtinham, atrav\u00e9s da observa\u00e7\u00e3o de dados como varia\u00e7\u00e3o de cor, odor, volume, turva\u00e7\u00e3o e at\u00e9 mesmo da presen\u00e7a de a\u00e7\u00facar na urina, informa\u00e7\u00f5es sobre diversas patologias. At\u00e9 hoje, essas caracter\u00edsticas f\u00edsicas s\u00e3o utilizadas como parte da rotina&hellip;<\/p>\n","protected":false},"author":1,"featured_media":0,"parent":38,"menu_order":0,"comment_status":"closed","ping_status":"closed","template":"template\/template-page-full-width.php","meta":[],"_links":{"self":[{"href":"https:\/\/imnlagos.com.br\/2019\/wp-json\/wp\/v2\/pages\/42"}],"collection":[{"href":"https:\/\/imnlagos.com.br\/2019\/wp-json\/wp\/v2\/pages"}],"about":[{"href":"https:\/\/imnlagos.com.br\/2019\/wp-json\/wp\/v2\/types\/page"}],"author":[{"embeddable":true,"href":"https:\/\/imnlagos.com.br\/2019\/wp-json\/wp\/v2\/users\/1"}],"replies":[{"embeddable":true,"href":"https:\/\/imnlagos.com.br\/2019\/wp-json\/wp\/v2\/comments?post=42"}],"version-history":[{"count":3,"href":"https:\/\/imnlagos.com.br\/2019\/wp-json\/wp\/v2\/pages\/42\/revisions"}],"predecessor-version":[{"id":164,"href":"https:\/\/imnlagos.com.br\/2019\/wp-json\/wp\/v2\/pages\/42\/revisions\/164"}],"up":[{"embeddable":true,"href":"https:\/\/imnlagos.com.br\/2019\/wp-json\/wp\/v2\/pages\/38"}],"wp:attachment":[{"href":"https:\/\/imnlagos.com.br\/2019\/wp-json\/wp\/v2\/media?parent=42"}],"curies":[{"name":"wp","href":"https:\/\/api.w.org\/{rel}","templated":true}]}}