{"id":38,"date":"2019-04-29T13:43:08","date_gmt":"2019-04-29T16:43:08","guid":{"rendered":"https:\/\/imnlagos.com.br\/2019\/?page_id=38"},"modified":"2023-11-06T17:53:47","modified_gmt":"2023-11-06T20:53:47","slug":"laboratorio","status":"publish","type":"page","link":"https:\/\/imnlagos.com.br\/2019\/laboratorio","title":{"rendered":"Laborat\u00f3rio"},"content":{"rendered":"\t\t<div data-elementor-type=\"wp-post\" data-elementor-id=\"38\" class=\"elementor elementor-38\" data-elementor-settings=\"[]\">\n\t\t\t\t\t\t<div class=\"elementor-inner\">\n\t\t\t\t\t\t\t<div class=\"elementor-section-wrap\">\n\t\t\t\t\t\t\t<section class=\"elementor-section elementor-top-section elementor-element elementor-element-1054b29 elementor-section-boxed elementor-section-height-default elementor-section-height-default\" data-id=\"1054b29\" data-element_type=\"section\">\n\t\t\t\t\t\t<div class=\"elementor-container elementor-column-gap-default\">\n\t\t\t\t\t\t\t<div class=\"elementor-row\">\n\t\t\t\t\t<div class=\"elementor-column elementor-col-100 elementor-top-column elementor-element elementor-element-62fd2fa5\" data-id=\"62fd2fa5\" data-element_type=\"column\">\n\t\t\t<div class=\"elementor-column-wrap elementor-element-populated\">\n\t\t\t\t\t\t\t<div class=\"elementor-widget-wrap\">\n\t\t\t\t\t\t<div class=\"elementor-element elementor-element-28ba7257 elementor-widget elementor-widget-text-editor\" data-id=\"28ba7257\" data-element_type=\"widget\" data-widget_type=\"text-editor.default\">\n\t\t\t\t<div class=\"elementor-widget-container\">\n\t\t\t\t\t\t\t\t<div class=\"elementor-text-editor elementor-clearfix\">\n\t\t\t\t\t<ul>\n<li style=\"text-align: left;\">O Laborat\u00f3rio de An\u00e1lises Cl\u00ednicas do Instituto de Medicina Nuclear \u00e9 certificado pelo Programa Nacional de Controle de Qualidade da Sociedade Brasileira de An\u00e1lises Cl\u00ednicas, recebendo conceitua\u00e7\u00e3o m\u00e1xima nas suas avalia\u00e7\u00f5es anuais.<\/li><li style=\"text-align: left;\">Os exames obedecem rigorosos protocolos, desde a coleta at\u00e9 o seu processamento, levando a um excelente \u00edndice de reprodutibilidade e confian\u00e7a nos resultados.<\/li><li style=\"text-align: left;\">Em nosso site, <a href=\"http:\/\/www.imnlagos.com.br\/\" style=\"background-color: rgb(255, 255, 255); letter-spacing: 0px;\">www.imnlagos.com.br\/2019,&nbsp;<\/a><span style=\"letter-spacing: 0px;\">os resultados podem ser impressos mediante senha fornecida durante o atendimento.<\/span><\/li><\/ul>\n<p><ul class=\"su-subpages\"><li class=\"page_item page-item-40\"><a href=\"https:\/\/imnlagos.com.br\/2019\/laboratorio\/alergias\">Alergias<\/a><\/li>\n<li class=\"page_item page-item-46\"><a href=\"https:\/\/imnlagos.com.br\/2019\/laboratorio\/bioquimica\">Bioqu\u00edmica<\/a><\/li>\n<li class=\"page_item page-item-60\"><a href=\"https:\/\/imnlagos.com.br\/2019\/laboratorio\/drogas-de-abuso\">Drogas de Abuso<\/a><\/li>\n<li class=\"page_item page-item-66\"><a href=\"https:\/\/imnlagos.com.br\/2019\/laboratorio\/exames-e-tecnicas\">Exames e T\u00e9cnicas<\/a><\/li>\n<li class=\"page_item page-item-52\"><a href=\"https:\/\/imnlagos.com.br\/2019\/laboratorio\/hematologia\">Hematologia<\/a><\/li>\n<li class=\"page_item page-item-44\"><a href=\"https:\/\/imnlagos.com.br\/2019\/laboratorio\/hormonios\">Horm\u00f4nios<\/a><\/li>\n<li class=\"page_item page-item-48\"><a href=\"https:\/\/imnlagos.com.br\/2019\/laboratorio\/imunologia\">Imunologia<\/a><\/li>\n<li class=\"page_item page-item-58\"><a href=\"https:\/\/imnlagos.com.br\/2019\/laboratorio\/marcadores-tumorais\">Marcadores Tumorais<\/a><\/li>\n<li class=\"page_item page-item-54\"><a href=\"https:\/\/imnlagos.com.br\/2019\/laboratorio\/microbiologia\">Microbiologia<\/a><\/li>\n<li class=\"page_item page-item-50\"><a href=\"https:\/\/imnlagos.com.br\/2019\/laboratorio\/parasitologia\">Parasitologia<\/a><\/li>\n<li class=\"page_item page-item-62\"><a href=\"https:\/\/imnlagos.com.br\/2019\/laboratorio\/patologia-clinica-ocupacional\">Patologia<\/a><\/li>\n<li class=\"page_item page-item-64\"><a href=\"https:\/\/imnlagos.com.br\/2019\/laboratorio\/teste-do-dna\">Teste do DNA<\/a><\/li>\n<li class=\"page_item page-item-56\"><a href=\"https:\/\/imnlagos.com.br\/2019\/laboratorio\/teste-do-pezinho\">Teste do Pezinho<\/a><\/li>\n<li class=\"page_item page-item-42\"><a href=\"https:\/\/imnlagos.com.br\/2019\/laboratorio\/urinalise\">Urin\u00e1lise<\/a><\/li>\n<\/ul><\/p>\t\t\t\t\t<\/div>\n\t\t\t\t\t\t<\/div>\n\t\t\t\t<\/div>\n\t\t\t\t\t\t<\/div>\n\t\t\t\t\t<\/div>\n\t\t<\/div>\n\t\t\t\t\t\t\t\t<\/div>\n\t\t\t\t\t<\/div>\n\t\t<\/section>\n\t\t\t\t\t\t<\/div>\n\t\t\t\t\t\t<\/div>\n\t\t\t\t\t<\/div>\n\t\t","protected":false},"excerpt":{"rendered":"<p>O Laborat\u00f3rio de An\u00e1lises Cl\u00ednicas do Instituto de Medicina Nuclear \u00e9 certificado pelo Programa Nacional de Controle de Qualidade da Sociedade Brasileira de An\u00e1lises Cl\u00ednicas, recebendo conceitua\u00e7\u00e3o m\u00e1xima nas suas avalia\u00e7\u00f5es anuais. Os exames obedecem rigorosos protocolos, desde a coleta at\u00e9 o seu processamento, levando a um excelente \u00edndice de reprodutibilidade e confian\u00e7a nos resultados.&hellip;<\/p>\n","protected":false},"author":1,"featured_media":0,"parent":0,"menu_order":0,"comment_status":"closed","ping_status":"closed","template":"","meta":[],"_links":{"self":[{"href":"https:\/\/imnlagos.com.br\/2019\/wp-json\/wp\/v2\/pages\/38"}],"collection":[{"href":"https:\/\/imnlagos.com.br\/2019\/wp-json\/wp\/v2\/pages"}],"about":[{"href":"https:\/\/imnlagos.com.br\/2019\/wp-json\/wp\/v2\/types\/page"}],"author":[{"embeddable":true,"href":"https:\/\/imnlagos.com.br\/2019\/wp-json\/wp\/v2\/users\/1"}],"replies":[{"embeddable":true,"href":"https:\/\/imnlagos.com.br\/2019\/wp-json\/wp\/v2\/comments?post=38"}],"version-history":[{"count":61,"href":"https:\/\/imnlagos.com.br\/2019\/wp-json\/wp\/v2\/pages\/38\/revisions"}],"predecessor-version":[{"id":2369,"href":"https:\/\/imnlagos.com.br\/2019\/wp-json\/wp\/v2\/pages\/38\/revisions\/2369"}],"wp:attachment":[{"href":"https:\/\/imnlagos.com.br\/2019\/wp-json\/wp\/v2\/media?parent=38"}],"curies":[{"name":"wp","href":"https:\/\/api.w.org\/{rel}","templated":true}]}}