{"id":325,"date":"2019-01-23T04:34:41","date_gmt":"2019-01-23T04:34:41","guid":{"rendered":"http:\/\/demo.sparklewpthemes.com\/medicalheed\/?page_id=28"},"modified":"2023-08-24T10:06:44","modified_gmt":"2023-08-24T13:06:44","slug":"elastografia","status":"publish","type":"page","link":"https:\/\/imnlagos.com.br\/2019\/elastografia","title":{"rendered":"Elastografia"},"content":{"rendered":"\r\n<p><img loading=\"lazy\" class=\"wp-image-1148 alignleft\" src=\"https:\/\/imnlagos.com.br\/2019\/wp-content\/uploads\/2021\/06\/ELASTOGRAFIA-300x205.jpg\" alt=\"\" width=\"203\" height=\"139\" srcset=\"https:\/\/imnlagos.com.br\/2019\/wp-content\/uploads\/2021\/06\/ELASTOGRAFIA-300x205.jpg 300w, https:\/\/imnlagos.com.br\/2019\/wp-content\/uploads\/2021\/06\/ELASTOGRAFIA-88x60.jpg 88w, https:\/\/imnlagos.com.br\/2019\/wp-content\/uploads\/2021\/06\/ELASTOGRAFIA-600x410.jpg 600w, https:\/\/imnlagos.com.br\/2019\/wp-content\/uploads\/2021\/06\/ELASTOGRAFIA-390x266.jpg 390w, https:\/\/imnlagos.com.br\/2019\/wp-content\/uploads\/2021\/06\/ELASTOGRAFIA.jpg 602w\" sizes=\"(max-width: 203px) 100vw, 203px\" \/> Elastografia<br \/>\u00c9 uma nova t\u00e9cnica diagn\u00f3stica, realizada com equipamento de ultrassonografia dotado de condi\u00e7\u00f5es espec\u00edficas.<br \/>A t\u00e9cnica se baseia no fundamento de que os tecidos possuem elasticidades pr\u00f3prias e algumas doen\u00e7as podem alterar essa elasticidade.<br \/>O exame est\u00e1 indicado na investiga\u00e7\u00e3o de v\u00e1rias enfermidades, por\u00e9m o maior emprego atual tem sido as doen\u00e7as do f\u00edgado.<br \/>As hepatopatias cr\u00f4nicas abrangem uma s\u00e9rie de afec\u00e7\u00f5es que comprometem f\u00edgado, incluindo: hepatites virais, esteatose hep\u00e1tica (gordura), hepatite alco\u00f3lica e outras. <br \/>Essas \u201cagress\u00f5es\u201d evoluem com inflama\u00e7\u00e3o e destrui\u00e7\u00e3o progressiva do tecido hep\u00e1tico, com consequente forma\u00e7\u00e3o de fibrose e pode evoluir para a cirrose com seus desdobramentos, como hipertens\u00e3o do sistema porta, insufici\u00eancia hep\u00e1tica progressiva e, at\u00e9, o c\u00e2ncer do f\u00edgado.<br \/>Os pacientes portadores de hepatopatias cr\u00f4nicas necessitam de acompanhamento sistem\u00e1tico, para estabelecer crit\u00e9rios evolutivos da sua doen\u00e7a e a t\u00e9cnica da elastografia \u00e9 uma das maneiras menos invasivas e in\u00f3qua para esse acompanhamento.<br \/>O IMN est\u00e1 equipado com aparelhos de ponta para realizar elastografia e conta com profissionais altamente capacitados para a t\u00e9cnica.<br \/>Converse com seu m\u00e9dico e fa\u00e7a seus exames preventivos, rotineiramente, para uma melhor qualidade de vida.<\/p>\r\n<p style=\"text-align: center;\"><strong><a href=\"https:\/\/imnlagos.com.br\/2019\">VOLTAR<\/a><\/strong><\/p>\r\n","protected":false},"excerpt":{"rendered":"<p>Elastografia\u00c9 uma nova t\u00e9cnica diagn\u00f3stica, realizada com equipamento de ultrassonografia dotado de condi\u00e7\u00f5es espec\u00edficas.A t\u00e9cnica se baseia no fundamento de que os tecidos possuem elasticidades pr\u00f3prias e algumas doen\u00e7as podem alterar essa elasticidade.O exame est\u00e1 indicado na investiga\u00e7\u00e3o de v\u00e1rias enfermidades, por\u00e9m o maior emprego atual tem sido as doen\u00e7as do f\u00edgado.As hepatopatias cr\u00f4nicas abrangem&hellip;<\/p>\n","protected":false},"author":1,"featured_media":0,"parent":0,"menu_order":0,"comment_status":"closed","ping_status":"closed","template":"","meta":[],"_links":{"self":[{"href":"https:\/\/imnlagos.com.br\/2019\/wp-json\/wp\/v2\/pages\/325"}],"collection":[{"href":"https:\/\/imnlagos.com.br\/2019\/wp-json\/wp\/v2\/pages"}],"about":[{"href":"https:\/\/imnlagos.com.br\/2019\/wp-json\/wp\/v2\/types\/page"}],"author":[{"embeddable":true,"href":"https:\/\/imnlagos.com.br\/2019\/wp-json\/wp\/v2\/users\/1"}],"replies":[{"embeddable":true,"href":"https:\/\/imnlagos.com.br\/2019\/wp-json\/wp\/v2\/comments?post=325"}],"version-history":[{"count":8,"href":"https:\/\/imnlagos.com.br\/2019\/wp-json\/wp\/v2\/pages\/325\/revisions"}],"predecessor-version":[{"id":2096,"href":"https:\/\/imnlagos.com.br\/2019\/wp-json\/wp\/v2\/pages\/325\/revisions\/2096"}],"wp:attachment":[{"href":"https:\/\/imnlagos.com.br\/2019\/wp-json\/wp\/v2\/media?parent=325"}],"curies":[{"name":"wp","href":"https:\/\/api.w.org\/{rel}","templated":true}]}}