{"id":30,"date":"2019-04-29T12:13:15","date_gmt":"2019-04-29T15:13:15","guid":{"rendered":"https:\/\/imnlagos.com.br\/2019\/?page_id=30"},"modified":"2024-02-02T09:16:24","modified_gmt":"2024-02-02T12:16:24","slug":"quem-somos","status":"publish","type":"page","link":"https:\/\/imnlagos.com.br\/2019\/quem-somos","title":{"rendered":"Quem Somos"},"content":{"rendered":"<p><\/p>\r\n<p style=\"background: #F9F9F8; margin: 0cm 0cm 18.0pt 0cm;\"><img loading=\"lazy\" class=\"alignnone  wp-image-298 alignleft\" src=\"https:\/\/imnlagos.com.br\/2019\/wp-content\/uploads\/2019\/01\/About-us-274x300.jpg\" alt=\"\" width=\"188\" height=\"206\" srcset=\"https:\/\/imnlagos.com.br\/2019\/wp-content\/uploads\/2019\/01\/About-us-274x300.jpg 274w, https:\/\/imnlagos.com.br\/2019\/wp-content\/uploads\/2019\/01\/About-us-300x328.jpg 300w, https:\/\/imnlagos.com.br\/2019\/wp-content\/uploads\/2019\/01\/About-us-390x426.jpg 390w, https:\/\/imnlagos.com.br\/2019\/wp-content\/uploads\/2019\/01\/About-us.jpg 567w\" sizes=\"(max-width: 188px) 100vw, 188px\" \/><\/p>\r\n<p style=\"text-align: justify; text-indent: 35.4pt; background: #F9F9F8; margin: 0cm 0cm 18.0pt 0cm;\"><span style=\"font-size: 13.0pt; font-family: 'Oswald','serif'; color: #686868;\">Somos\u00a0 o\u00a0 Instituto\u00a0 de\u00a0 Medicina\u00a0 Nuclear,\u00a0 uma\u00a0 cl\u00ednica\u00a0 que atua em\u00a0 Medicina\u00a0 Diagn\u00f3stica, fundada em 1980.<\/span><\/p>\r\n<p style=\"text-align: justify; text-indent: 35.4pt; background: #F9F9F8; margin: 0cm 0cm 18.0pt 0cm;\"><span style=\"font-size: 13.0pt; font-family: 'Oswald','serif'; color: #686868;\">Realizamos exames plenamente confi\u00e1veis porque contamos com uma equipe altamente capacitada\u00a0 e\u00a0 equipamentos\u00a0 \u00a0modernos,\u00a0 com\u00a0 alta\u00a0 tecnologia\u00a0 e\u00a0 mantidos\u00a0 com\u00a0 adequado\u00a0 \u00a0controle\u00a0 da qualidade.<\/span><\/p>\r\n<p style=\"text-align: justify; text-indent: 35.4pt; background: #F9F9F8; margin: 0cm 0cm 18.0pt 0cm;\"><span style=\"font-size: 13.0pt; font-family: 'Oswald','serif'; color: #686868;\">Possu\u00edmos unidades pr\u00f3prias de atendimento, em Maca\u00e9 e\u00a0 Rio\u00a0 das\u00a0 Ostras,\u00a0 dotadas\u00a0 de\u00a0 amplo\u00a0 espa\u00e7o, estacionamento e outras caracter\u00edsticas estruturais para\u00a0 proporcionar\u00a0 melhor\u00a0 acolhimento,\u00a0 conforto\u00a0 e seguran\u00e7a aos nossos clientes.<\/span><\/p>\r\n<p>&nbsp;<\/p>\r\n<p><strong>MISS\u00c3O:<\/strong><\/p>\r\n<p>Temos como miss\u00e3o, oferecer o mais alto padr\u00e3o de qualidade nos servi\u00e7os que realizamos, priorizando a humaniza\u00e7\u00e3o do atendimento e seguran\u00e7a dos resultados, pois somos conscientes da import\u00e2ncia da confiabilidade no sucesso de qualquer tratamento de sa\u00fade.<\/p>\r\n<p><strong>VIS\u00c3O:<\/strong><\/p>\r\n<p>Buscamos ser refer\u00eancia na \u00e1rea de diagn\u00f3sticos, atrav\u00e9s da qualidade dos servi\u00e7os, com foco na satisfa\u00e7\u00e3o dos pacientes e dos seus m\u00e9dicos.<\/p>\r\n<p><strong>VALORES:<\/strong><\/p>\r\n<p>Priorizamos a qualidade dos servi\u00e7os, superar as expectativas de nossos clientes e dos m\u00e9dicos, atrav\u00e9s de atendimento com excel\u00eancia e dedica\u00e7\u00e3o.<\/p>\r\n<p>&nbsp;<\/p>\r\n<p><strong>RELA\u00c7\u00c3O DOS\u00a0SERVI\u00c7OS QUE REALIZAMOS:<\/strong><\/p>\r\n<p>. An\u00e1lises Cl\u00ednicas<\/p>\r\n<p>. Anatomia Patol\u00f3gica (Bi\u00f3psias)<\/p>\r\n<p>. Audiometria<\/p>\r\n<p>. Citopatologia (Preventivo)<\/p>\r\n<p>. Cintilografia<\/p>\r\n<p>. Densitometria \u00d3ssea<\/p>\r\n<p>. Eletroencefalograma com ou sem mapeamento cerebral<\/p>\r\n<p>. Mamografia<\/p>\r\n<p>. Raios X<\/p>\r\n<p>.Tomografia Computadorizada Multislice<\/p>\r\n<p>. Ultrassonografia com ou sem doppler<\/p>\r\n<p>. Bi\u00f3psias Guiadas<br \/>\u00a0 \u00a0 . PAAF de tireoide, mama, g\u00e2nglios e outras estruturas<br \/>\u00a0 \u00a0 . Core Biopsy de mama<\/p>\r\n<p>. Elastografia<\/p>\r\n<p>. Exames de Medicina Ocupacional<\/p>\r\n<p>&nbsp;<\/p>\r\n<p>Mantemos parcerias com as principais Operadoras de Sa\u00fade, como Unimed, Petrobr\u00e1s, Bradesco e outras.<\/p>\r\n<p>Fa\u00e7a-nos uma visita ou entre em contato para maiores informa\u00e7\u00f5es.<\/p>\r\n<p><strong><a href=\"https:\/\/imnlagos.com.br\/2019\">VOLTAR<\/a><\/strong><\/p>\r\n<p><\/p>\r\n<p><\/p>\r\n<p><\/p>\r\n<p><\/p>\r\n<p><\/p>\r\n<p><\/p>\r\n<p><\/p>\r\n<p><\/p>\r\n<p><\/p>\r\n<p><\/p>\r\n<p><\/p>\r\n<p><\/p>\r\n<p><\/p>\r\n<p><\/p>\r\n<p><\/p>\r\n<p><\/p>\r\n<p><\/p>\r\n<p><\/p>\r\n<p><\/p>\r\n<p><\/p>\r\n<p><\/p>\r\n<p><\/p>\r\n<p><\/p>\r\n<p><\/p>\r\n<p><\/p>\r\n<p><\/p>\r\n<p><\/p>\r\n<p><\/p>\r\n<p><\/p>\r\n<p><\/p>\r\n<p><\/p>\r\n<p><\/p>\r\n<p><\/p>","protected":false},"excerpt":{"rendered":"<p>Somos\u00a0 o\u00a0 Instituto\u00a0 de\u00a0 Medicina\u00a0 Nuclear,\u00a0 uma\u00a0 cl\u00ednica\u00a0 que atua em\u00a0 Medicina\u00a0 Diagn\u00f3stica, fundada em 1980. Realizamos exames plenamente confi\u00e1veis porque contamos com uma equipe altamente capacitada\u00a0 e\u00a0 equipamentos\u00a0 \u00a0modernos,\u00a0 com\u00a0 alta\u00a0 tecnologia\u00a0 e\u00a0 mantidos\u00a0 com\u00a0 adequado\u00a0 \u00a0controle\u00a0 da qualidade. Possu\u00edmos unidades pr\u00f3prias de atendimento, em Maca\u00e9 e\u00a0 Rio\u00a0 das\u00a0 Ostras,\u00a0 dotadas\u00a0 de\u00a0 amplo\u00a0 espa\u00e7o,&hellip;<\/p>\n","protected":false},"author":1,"featured_media":0,"parent":0,"menu_order":0,"comment_status":"closed","ping_status":"closed","template":"","meta":[],"_links":{"self":[{"href":"https:\/\/imnlagos.com.br\/2019\/wp-json\/wp\/v2\/pages\/30"}],"collection":[{"href":"https:\/\/imnlagos.com.br\/2019\/wp-json\/wp\/v2\/pages"}],"about":[{"href":"https:\/\/imnlagos.com.br\/2019\/wp-json\/wp\/v2\/types\/page"}],"author":[{"embeddable":true,"href":"https:\/\/imnlagos.com.br\/2019\/wp-json\/wp\/v2\/users\/1"}],"replies":[{"embeddable":true,"href":"https:\/\/imnlagos.com.br\/2019\/wp-json\/wp\/v2\/comments?post=30"}],"version-history":[{"count":46,"href":"https:\/\/imnlagos.com.br\/2019\/wp-json\/wp\/v2\/pages\/30\/revisions"}],"predecessor-version":[{"id":2418,"href":"https:\/\/imnlagos.com.br\/2019\/wp-json\/wp\/v2\/pages\/30\/revisions\/2418"}],"wp:attachment":[{"href":"https:\/\/imnlagos.com.br\/2019\/wp-json\/wp\/v2\/media?parent=30"}],"curies":[{"name":"wp","href":"https:\/\/api.w.org\/{rel}","templated":true}]}}