{"id":233,"date":"2019-05-22T16:11:20","date_gmt":"2019-05-22T19:11:20","guid":{"rendered":"https:\/\/imnlagos.com.br\/2019\/?page_id=233"},"modified":"2023-10-09T18:25:48","modified_gmt":"2023-10-09T21:25:48","slug":"pre-agendamento","status":"publish","type":"page","link":"https:\/\/imnlagos.com.br\/2019\/pre-agendamento","title":{"rendered":"Pr\u00e9-agendamento"},"content":{"rendered":"\t\t<div data-elementor-type=\"wp-page\" data-elementor-id=\"233\" class=\"elementor elementor-233\" data-elementor-settings=\"[]\">\n\t\t\t\t\t\t<div class=\"elementor-inner\">\n\t\t\t\t\t\t\t<div class=\"elementor-section-wrap\">\n\t\t\t\t\t\t\t<section class=\"elementor-section elementor-top-section elementor-element elementor-element-4405090 elementor-section-boxed elementor-section-height-default elementor-section-height-default\" data-id=\"4405090\" data-element_type=\"section\">\n\t\t\t\t\t\t<div class=\"elementor-container elementor-column-gap-default\">\n\t\t\t\t\t\t\t<div class=\"elementor-row\">\n\t\t\t\t\t<div class=\"elementor-column elementor-col-100 elementor-top-column elementor-element elementor-element-76a4abfd\" data-id=\"76a4abfd\" data-element_type=\"column\">\n\t\t\t<div class=\"elementor-column-wrap elementor-element-populated\">\n\t\t\t\t\t\t\t<div class=\"elementor-widget-wrap\">\n\t\t\t\t\t\t<div class=\"elementor-element elementor-element-73621733 elementor-widget elementor-widget-text-editor\" data-id=\"73621733\" data-element_type=\"widget\" data-widget_type=\"text-editor.default\">\n\t\t\t\t<div class=\"elementor-widget-container\">\n\t\t\t\t\t\t\t\t<div class=\"elementor-text-editor elementor-clearfix\">\n\t\t\t\t\t<h4 style=\"text-align: left;\"><strong style=\"color: inherit; font-family: inherit; letter-spacing: -0.02em;\"><img loading=\"lazy\" src=\"https:\/\/imnlagos.com.br\/2019\/wp-content\/uploads\/2022\/05\/atendente.jpg\" alt=\"\" width=\"268\" height=\"190\"><\/strong><\/h4>\n<h3 style=\"text-align: center;\"><strong style=\"color: inherit; font-family: inherit; letter-spacing: -0.02em;\">Fa\u00e7a o agendamento dos seus exames presencialmente, por telefone ou por WhatsApp.<\/strong><br><strong style=\"color: inherit; font-family: inherit; letter-spacing: -0.02em;\">Maca\u00e9: (22) 2020-0239 \/ 2772-0101 \/ 99818-0540&nbsp;<\/strong><strong style=\"color: inherit; font-family: inherit; letter-spacing: -0.02em;\">WhatsApp.<br><\/strong><strong style=\"color: inherit; font-family: inherit; letter-spacing: -0.02em;\">Rio das Ostras: <\/strong><strong style=\"color: inherit; font-family: inherit; letter-spacing: -0.02em;\">(22) 2020-0239 \/&nbsp; 99783-8266&nbsp;<\/strong><strong style=\"color: inherit; font-family: inherit; letter-spacing: -0.02em;\">WhatsApp.<\/strong><\/h3>\n<h3 style=\"text-align: center;\"><strong style=\"color: inherit; font-family: inherit; letter-spacing: -0.02em;\">Pedimos para n\u00e3o usar voz ou \u00e1udio pelo WhatsApp, pois n\u00e3o h\u00e1 esta op\u00e7\u00e3o.<\/strong><\/h3>\n<h3 style=\"text-align: center;\">Estamos com excesso de mensagens pelo&nbsp;<strong style=\"color: inherit; font-family: inherit; letter-spacing: -0.02em;\">WhatsApp<\/strong>.<br>Por gentileza, n\u00e3o utilize o aplicativo para assuntos n\u00e3o relacionados a agendamento de exames.&nbsp;<\/h3>\n<h3>As mensagens do&nbsp;<strong style=\"color: inherit; font-family: inherit; letter-spacing: -0.02em; text-align: center;\">WhatsApp<\/strong>&nbsp;s\u00e3o analisadas em dias comerciais no hor\u00e1rio da tarde, seguindo ordem cronol\u00f3gica de postagem.<\/h3><h3>Havendo urg\u00eancia, por gentileza utilize outros meios de contato.<\/h3>\n<h3 style=\"text-align: center;\"><strong style=\"color: inherit; font-family: inherit; letter-spacing: -0.02em;\">Para evitar atrasos, pelo reingresso ao final da fila de atendimento, sugerimos que tenha objetividade e envie a foto do pedido m\u00e9dico e da carteira da operadora j\u00e1 no primeiro contato.&nbsp;<\/strong><\/h3>\n<div><span style=\"font-family: Oswald, 'serif'; font-size: 26.6667px;\"><link rel=\"stylesheet\" property=\"stylesheet\" href=\"https:\/\/imnlagos.com.br\/2019\/wp-content\/plugins\/happyforms\/core\/assets\/css\/color.css?ver=1.12.10\" \/><link rel=\"stylesheet\" property=\"stylesheet\" href=\"https:\/\/imnlagos.com.br\/2019\/wp-content\/plugins\/happyforms\/core\/assets\/css\/layout.css?ver=1.12.10\" \/>\t<!-- HappyForms CSS variables -->\n\t<style>\n\t#happyforms-524 {\n\t\t--happyforms-form-title-font-size: 32px;\n--happyforms-part-title-font-size: 16px;\n--happyforms-part-description-font-size: 14px;\n--happyforms-part-value-font-size: 16px;\n--happyforms-submit-button-font-size: 18px;\n--happyforms-color-primary: #000000;\n--happyforms-color-success-notice: #ebf9f0;\n--happyforms-color-success-notice-text: #1eb452;\n--happyforms-color-error: #ff4200;\n--happyforms-color-error-notice: #ffeae5;\n--happyforms-color-error-notice-text: #ff4200;\n--happyforms-color-part-title: #000000;\n--happyforms-color-part-value: #000000;\n--happyforms-color-part-placeholder: #888888;\n--happyforms-color-part-description: #454545;\n--happyforms-color-part-border: #dbdbdb;\n--happyforms-color-part-border-focus: #407fff;\n--happyforms-color-part-background: #ffffff;\n--happyforms-color-part-background-focus: #ffffff;\n--happyforms-color-submit-background: #2e7022;\n--happyforms-color-submit-background-hover: #2e661f;\n--happyforms-color-submit-border: transparent;\n--happyforms-color-submit-text: #ffffff;\n--happyforms-color-submit-text-hover: #ffffff;\n--happyforms-color-rating: #cccccc;\n--happyforms-color-rating-hover: #f39c00;\n--happyforms-color-table-row-odd: #fcfcfc;\n--happyforms-color-table-row-even: #efefef;\n--happyforms-color-table-row-odd-text: #000000;\n--happyforms-color-table-row-even-text: #000000;\n--happyforms-color-divider-hr: #cccccc;\n--happyforms-color-choice-checkmark-bg: #ffffff;\n--happyforms-color-choice-checkmark-bg-focus: #000000;\n--happyforms-color-choice-checkmark-color: #ffffff;\n--happyforms-color-dropdown-item-bg: #ffffff;\n--happyforms-color-dropdown-item-text: #000000;\n--happyforms-color-dropdown-item-bg-hover: #dbdbdb;\n--happyforms-color-dropdown-item-text-hover: #000000;\n\t}\n\t<\/style>\n\t<!-- End of HappyForms CSS variables -->\n\t\t<!-- HappyForms Additional CSS -->\n\t<style data-happyforms-additional-css>\n\t\t<\/style>\n\t<!-- End of HappyForms Additional CSS -->\n\t\t\t<link rel=\"stylesheet\" type=\"text\/css\" href=\"https:\/\/imnlagos.com.br\/2019\/wp-content\/plugins\/happyforms\/core\/assets\/css\/no-interaction.css\">\n\t\t<div class=\"happyforms-form happyforms-styles 0\" id=\"happyforms-524\">\n\t<h3 class=\"happyforms-form__title\">Solicite aqui o seu pr\u00e9-agendamento<\/h3>\n\t<form action=\"\" id=\"happyforms-form-524\" method=\"post\" novalidate=\"true\">\n\t\t\n\t\t\t<input type=\"hidden\" name=\"action\" value=\"happyforms_message\">\n\t\t\t\t<input type=\"hidden\" name=\"happyforms_form_id\" value=\"524\" \/>\n\t\t\t<input type=\"hidden\" id=\"happyforms_message_nonce\" name=\"happyforms_message_nonce\" value=\"3662ea7686\" \/><input type=\"hidden\" name=\"_wp_http_referer\" value=\"\/2019\/wp-json\/wp\/v2\/pages\/233\" \/>\t\t\t<input type=\"hidden\" name=\"happyforms_step\" value=\"0\" \/>\n\t\n\t\t<div class=\"happyforms-flex\">\n\t\t\t\t\t\t\t<input type=\"text\" name=\"524-password\" style=\"position:absolute;left:-5000px;\" tabindex=\"-1\" autocomplete=\"off\"> <span class=\"screen-reader-text\">Leave this field blank<\/span>\n\t\t\t\t\t\t\t\t\t\t<div class=\"happyforms-form__part happyforms-part happyforms-part--single_line_text happyforms-part--width-full happyforms-part--label-above\" id=\"happyforms-524_single_line_text_1-part\" data-happyforms-type=\"single_line_text\" data-happyforms-id=\"single_line_text_1\" data-happyforms-required=\"\">\n\t<div class=\"happyforms-part-wrap\">\n\t\t\n\t\t\t\t\t\t<div class=\"happyforms-part__label-container\">\n\t\t\t\t<label for=\"happyforms-524_single_line_text_1\" class=\"happyforms-part__label\">\n\t\t\t<span class=\"label\">Informe seu nome completo<\/span>\n\t\t\t\t\t\t\t\t\t\t<span class=\"happyforms-required\"><\/span>\n\t\t\t\t\t\t\t\t\t\t<span class=\"happyforms-optional\">(optional)<\/span>\n\t\t\t\t\t\t\t\t<\/label>\n\t\t\t<\/div>\n\t\t\t\n\t\t\t\t\t\t\t\n\t\t<div class=\"happyforms-part__el\">\n\t\t\t\n\t\t\t\n\t\t\t<div class=\"happyforms-input\">\n\t\t\t\t\n\t\t\t\t<input id=\"happyforms-524_single_line_text_1\" type=\"text\" name=\"524_single_line_text_1\" value=\"\" placeholder=\"\"  \/>\n\t\t\t\t\t\t\t<\/div>\n\n\t\t\t\n\t\t\t\n\t\t\t\t\t<\/div>\n\t<\/div>\n<\/div>\n<div class=\"happyforms-form__part happyforms-part happyforms-part--single_line_text happyforms-part--width-full happyforms-part--label-above\" id=\"happyforms-524_single_line_text_3-part\" data-happyforms-type=\"single_line_text\" data-happyforms-id=\"single_line_text_3\" data-happyforms-required=\"\">\n\t<div class=\"happyforms-part-wrap\">\n\t\t\n\t\t\t\t\t\t<div class=\"happyforms-part__label-container\">\n\t\t\t\t<label for=\"happyforms-524_single_line_text_3\" class=\"happyforms-part__label\">\n\t\t\t<span class=\"label\">Qual o exame ou atendimento desejado?<\/span>\n\t\t\t\t\t\t\t\t\t\t<span class=\"happyforms-required\"><\/span>\n\t\t\t\t\t\t\t\t\t\t<span class=\"happyforms-optional\">(optional)<\/span>\n\t\t\t\t\t\t\t\t<\/label>\n\t\t\t<\/div>\n\t\t\t\n\t\t\t\t\t\t\t\n\t\t<div class=\"happyforms-part__el\">\n\t\t\t\n\t\t\t\n\t\t\t<div class=\"happyforms-input\">\n\t\t\t\t\n\t\t\t\t<input id=\"happyforms-524_single_line_text_3\" type=\"text\" name=\"524_single_line_text_3\" value=\"\" placeholder=\"\"  \/>\n\t\t\t\t\t\t\t<\/div>\n\n\t\t\t\n\t\t\t\n\t\t\t\t\t<\/div>\n\t<\/div>\n<\/div>\n<div class=\"happyforms-form__part happyforms-part happyforms-part--single_line_text happyforms-part--width-full happyforms-part--label-above\" id=\"happyforms-524_single_line_text_4-part\" data-happyforms-type=\"single_line_text\" data-happyforms-id=\"single_line_text_4\" data-happyforms-required=\"\">\n\t<div class=\"happyforms-part-wrap\">\n\t\t\n\t\t\t\t\t\t<div class=\"happyforms-part__label-container\">\n\t\t\t\t<label for=\"happyforms-524_single_line_text_4\" class=\"happyforms-part__label\">\n\t\t\t<span class=\"label\">Diga o seu telefone<\/span>\n\t\t\t\t\t\t\t\t\t\t<span class=\"happyforms-required\"><\/span>\n\t\t\t\t\t\t\t\t\t\t<span class=\"happyforms-optional\">(optional)<\/span>\n\t\t\t\t\t\t\t\t<\/label>\n\t\t\t<\/div>\n\t\t\t\n\t\t\t\t\t\t\t\n\t\t<div class=\"happyforms-part__el\">\n\t\t\t\n\t\t\t\n\t\t\t<div class=\"happyforms-input\">\n\t\t\t\t\n\t\t\t\t<input id=\"happyforms-524_single_line_text_4\" type=\"text\" name=\"524_single_line_text_4\" value=\"\" placeholder=\"\"  \/>\n\t\t\t\t\t\t\t<\/div>\n\n\t\t\t\n\t\t\t\n\t\t\t\t\t<\/div>\n\t<\/div>\n<\/div>\n<div class=\"happyforms-part--with-autocomplete happyforms-form__part happyforms-part happyforms-part--email happyforms-part--width-full happyforms-part--label-above\" id=\"happyforms-524_email_5-part\" data-happyforms-type=\"email\" data-happyforms-id=\"email_5\" data-happyforms-required=\"\">\n\t\t<div class=\"happyforms-part-wrap\">\n\t\t\t\t\t\t<div class=\"happyforms-part__label-container\">\n\t\t\t\t<label for=\"happyforms-524_email_5\" class=\"happyforms-part__label\">\n\t\t\t<span class=\"label\">Seu e-mail<\/span>\n\t\t\t\t\t\t\t\t\t\t<span class=\"happyforms-required\"><\/span>\n\t\t\t\t\t\t\t\t\t\t<span class=\"happyforms-optional\">(optional)<\/span>\n\t\t\t\t\t\t\t\t<\/label>\n\t\t\t<\/div>\n\t\t\t\n\t\t\t\t\t\t\t\n\t\t<div class=\"happyforms-part__el\">\n\t\t\t\n\t\t\t\n\t\t\t<div class=\"happyforms-input\">\n\t\t\t\t<input type=\"email\" name=\"524_email_5\" id=\"happyforms-524_email_5\" value=\"\" placeholder=\"\"  \/>\n\t\t\t\t\t\t\t<\/div>\n\n\t\t\t\n\t\t\t\n\t\t\t\t\t<\/div>\n\t<\/div>\n<\/div>\n<div class=\"happyforms-form__part happyforms-part happyforms-part--multi_line_text happyforms-part--width-full happyforms-part--label-above\" id=\"happyforms-524_multi_line_text_6-part\" data-happyforms-type=\"multi_line_text\" data-happyforms-id=\"multi_line_text_6\" data-happyforms-required=\"\">\n\t<div class=\"happyforms-part-wrap\">\n\t\t\t\t\t\t<div class=\"happyforms-part__label-container\">\n\t\t\t\t<label for=\"happyforms-524_multi_line_text_6\" class=\"happyforms-part__label\">\n\t\t\t<span class=\"label\">Sua mensagem<\/span>\n\t\t\t\t\t\t\t\t\t\t<span class=\"happyforms-required\"><\/span>\n\t\t\t\t\t\t\t\t\t\t<span class=\"happyforms-optional\">(optional)<\/span>\n\t\t\t\t\t\t\t\t<\/label>\n\t\t\t<\/div>\n\t\t\t\n\t\t\t\t\t\t\t\n\t\t<div class=\"happyforms-part__el\">\n\t\t\t\n\t\t\t<textarea id=\"happyforms-524_multi_line_text_6\" name=\"524_multi_line_text_6\" rows=\"5\" placeholder=\"\" ><\/textarea>\n\t\t\t\n\t\t\t\n\t\t\t\t\t<\/div>\n\t<\/div>\n<\/div>\n\t\t\t\t\t\t<div class=\"happyforms-form__part happyforms-part happyforms-part--submit\">\n\t\t<input type=\"submit\" class=\"happyforms-submit happyforms-button--submit \" value=\"ENVIAR PR\u00c9-AGENDAMENTO\">\n\t<\/div>\t\t<\/div>\n\n\t\t\t<\/form>\n\n\t<\/div><\/span><strong style=\"color: inherit; font-family: inherit; letter-spacing: -0.02em;\"><br><\/strong><\/div>\t\t\t\t\t<\/div>\n\t\t\t\t\t\t<\/div>\n\t\t\t\t<\/div>\n\t\t\t\t\t\t<\/div>\n\t\t\t\t\t<\/div>\n\t\t<\/div>\n\t\t\t\t\t\t\t\t<\/div>\n\t\t\t\t\t<\/div>\n\t\t<\/section>\n\t\t\t\t\t\t<\/div>\n\t\t\t\t\t\t<\/div>\n\t\t\t\t\t<\/div>\n\t\t","protected":false},"excerpt":{"rendered":"<p>Fa\u00e7a o agendamento dos seus exames presencialmente, por telefone ou por WhatsApp.Maca\u00e9: (22) 2020-0239 \/ 2772-0101 \/ 99818-0540&nbsp;WhatsApp.Rio das Ostras: (22) 2020-0239 \/&nbsp; 99783-8266&nbsp;WhatsApp. Pedimos para n\u00e3o usar voz ou \u00e1udio pelo WhatsApp, pois n\u00e3o h\u00e1 esta op\u00e7\u00e3o. Estamos com excesso de mensagens pelo&nbsp;WhatsApp.Por gentileza, n\u00e3o utilize o aplicativo para assuntos n\u00e3o relacionados a agendamento&hellip;<\/p>\n","protected":false},"author":1,"featured_media":0,"parent":0,"menu_order":0,"comment_status":"closed","ping_status":"closed","template":"","meta":[],"_links":{"self":[{"href":"https:\/\/imnlagos.com.br\/2019\/wp-json\/wp\/v2\/pages\/233"}],"collection":[{"href":"https:\/\/imnlagos.com.br\/2019\/wp-json\/wp\/v2\/pages"}],"about":[{"href":"https:\/\/imnlagos.com.br\/2019\/wp-json\/wp\/v2\/types\/page"}],"author":[{"embeddable":true,"href":"https:\/\/imnlagos.com.br\/2019\/wp-json\/wp\/v2\/users\/1"}],"replies":[{"embeddable":true,"href":"https:\/\/imnlagos.com.br\/2019\/wp-json\/wp\/v2\/comments?post=233"}],"version-history":[{"count":59,"href":"https:\/\/imnlagos.com.br\/2019\/wp-json\/wp\/v2\/pages\/233\/revisions"}],"predecessor-version":[{"id":2273,"href":"https:\/\/imnlagos.com.br\/2019\/wp-json\/wp\/v2\/pages\/233\/revisions\/2273"}],"wp:attachment":[{"href":"https:\/\/imnlagos.com.br\/2019\/wp-json\/wp\/v2\/media?parent=233"}],"curies":[{"name":"wp","href":"https:\/\/api.w.org\/{rel}","templated":true}]}}