{"id":197,"date":"2019-04-29T18:36:05","date_gmt":"2019-04-29T21:36:05","guid":{"rendered":"https:\/\/imnlagos.com.br\/2019\/?page_id=197"},"modified":"2021-08-28T15:35:21","modified_gmt":"2021-08-28T18:35:21","slug":"cupons-de-desconto","status":"publish","type":"page","link":"https:\/\/imnlagos.com.br\/2019\/cupons-de-desconto","title":{"rendered":"Cupons de Descontos"},"content":{"rendered":"<blockquote>\n<h4><strong>Por gentileza, queira escolher o servi\u00e7o, imprimir o cupom e apresent\u00e1-lo a recep\u00e7\u00e3o.<\/strong><\/h4>\n<\/blockquote>\n<!--Coupon MAMOGRAFIA expired on 31\/10\/2021--><!--start coupon container here -->\n\t\t<div id=\"coupon_creator_1078\" class=\"coupon_creator_1078 coupon-creator-1078 type-cctor_coupon cctor_coupon_container  cctor_aligncenter  coupon-border\"><a class=\"cctor_wrap_link\" href=\"https:\/\/imnlagos.com.br\/2019\/cctor_coupon\/cintilografia-renal-dtpa-e-ou-dmsa\"  onclick=\"window.open(this.href);return false;\" rel=\"nofollow\">\n\t\t\t<div class=\"cctor_coupon cctor-coupon\">\n\t\t\t<div class=\"cctor_coupon_content cctor-coupon-content\" style=\"border-color:#81d742\"><h3 class=\"cctor-deal\" style=\"background-color:#4377df; color:#000000;\">CINTILOGRAFIA  - 10 % de Desconto (dez) para Maca\u00e9 . Apenas D\u00e9bito, Dinheiro ou Pix.<\/h3><div class=\"cctor-terms\">INSTITUTO DE MEDICINA NUCLEAR\r\n\r\n&#8211; Cupom v\u00e1lido para a unidade de Maca\u00e9.<\/div><\/div> <!--end .cctor_coupon_content -->\n\t\t\t\t\t\t\t\t\t\t\t\t<\/div> <!--end .cctor_coupon --><\/a>\t\t<div class='cctor_opencoupon cctor-opencoupon'>\r\n\t\t<a class=\"print-link\" rel=\"nofollow\" href='https:\/\/imnlagos.com.br\/2019\/cctor_coupon\/cintilografia-renal-dtpa-e-ou-dmsa' onclick='window.open(this.href);return false;'>Click to Open in Print View<\/a>\r\n\t\t<\/div><!--end .opencoupon --><\/div> <!--end #cctor_coupon_container --><!--start coupon container here -->\n\t\t<div id=\"coupon_creator_1077\" class=\"coupon_creator_1077 coupon-creator-1077 type-cctor_coupon cctor_coupon_container  cctor_aligncenter  coupon-border\"><a class=\"cctor_wrap_link\" href=\"https:\/\/imnlagos.com.br\/2019\/cctor_coupon\/tomografia-computadorizada-dos-rins-e-vias-urinarias\"  onclick=\"window.open(this.href);return false;\" rel=\"nofollow\">\n\t\t\t<div class=\"cctor_coupon cctor-coupon\">\n\t\t\t<div class=\"cctor_coupon_content cctor-coupon-content\" style=\"border-color:#81d742\"><h3 class=\"cctor-deal\" style=\"background-color:#4377df; color:#000000;\">TOMOGRAFIA COMPUTADORIZADA  - 10 % de Desconto (dez). Apenas D\u00e9bito, Dinheiro ou Pix.<\/h3><div class=\"cctor-terms\">INSTITUTO DE MEDICINA NUCLEAR\r\n\r\n&#8211; Cupom v\u00e1lido para a unidade de Rio das Ostras, sem rasuras.<\/div><\/div> <!--end .cctor_coupon_content -->\n\t\t\t\t\t\t\t\t\t\t\t\t<\/div> <!--end .cctor_coupon --><\/a>\t\t<div class='cctor_opencoupon cctor-opencoupon'>\r\n\t\t<a class=\"print-link\" rel=\"nofollow\" href='https:\/\/imnlagos.com.br\/2019\/cctor_coupon\/tomografia-computadorizada-dos-rins-e-vias-urinarias' onclick='window.open(this.href);return false;'>Click to Open in Print View<\/a>\r\n\t\t<\/div><!--end .opencoupon --><\/div> <!--end #cctor_coupon_container --><!--start coupon container here -->\n\t\t<div id=\"coupon_creator_747\" class=\"coupon_creator_747 coupon-creator-747 type-cctor_coupon cctor_coupon_container  cctor_aligncenter  coupon-border\"><a class=\"cctor_wrap_link\" href=\"https:\/\/imnlagos.com.br\/2019\/cctor_coupon\/elastografia-ultrassonografia\"  onclick=\"window.open(this.href);return false;\" rel=\"nofollow\">\n\t\t\t<div class=\"cctor_coupon cctor-coupon\">\n\t\t\t<div class=\"cctor_coupon_content cctor-coupon-content\" style=\"border-color:#81d742\"><h3 class=\"cctor-deal\" style=\"background-color:#4377df; color:#000000;\">ELASTOGRAFIA -  10 % de Desconto (dez). Apenas D\u00e9bito, Dinheiro ou Pix.<\/h3><div class=\"cctor-terms\">INSTITUTO DE MEDICINA NUCLEAR\r\n\r\n&#8211; Cupom v\u00e1lido para a unidade de Maca\u00e9, sem rasuras.<\/div><\/div> <!--end .cctor_coupon_content -->\n\t\t\t\t\t\t\t\t\t\t\t\t<\/div> <!--end .cctor_coupon --><\/a>\t\t<div class='cctor_opencoupon cctor-opencoupon'>\r\n\t\t<a class=\"print-link\" rel=\"nofollow\" href='https:\/\/imnlagos.com.br\/2019\/cctor_coupon\/elastografia-ultrassonografia' onclick='window.open(this.href);return false;'>Click to Open in Print View<\/a>\r\n\t\t<\/div><!--end .opencoupon --><\/div> <!--end #cctor_coupon_container --><!--start coupon container here -->\n\t\t<div id=\"coupon_creator_731\" class=\"coupon_creator_731 coupon-creator-731 type-cctor_coupon cctor_coupon_container  cctor_aligncenter  coupon-border\"><a class=\"cctor_wrap_link\" href=\"https:\/\/imnlagos.com.br\/2019\/cctor_coupon\/imuno-histoquimico\"  onclick=\"window.open(this.href);return false;\" rel=\"nofollow\">\n\t\t\t<div class=\"cctor_coupon cctor-coupon\">\n\t\t\t<div class=\"cctor_coupon_content cctor-coupon-content\" style=\"border-color:#81d742\"><h3 class=\"cctor-deal\" style=\"background-color:#4377df; color:#000000;\">IMUNO-HISTOQU\u00cdMICO -  - 5 % de Desconto (dez). Apenas D\u00e9bito, Dinheiro ou Pix.<\/h3><div class=\"cctor-terms\">INSTITUTO DE MEDICINA NUCLEAR\r\n\r\nApresente este cupom a recep\u00e7\u00e3o da unidade de Maca\u00e9 ou Rio das Ostras.<\/div><\/div> <!--end .cctor_coupon_content -->\n\t\t\t\t\t\t\t\t\t\t\t\t<\/div> <!--end .cctor_coupon --><\/a>\t\t<div class='cctor_opencoupon cctor-opencoupon'>\r\n\t\t<a class=\"print-link\" rel=\"nofollow\" href='https:\/\/imnlagos.com.br\/2019\/cctor_coupon\/imuno-histoquimico' onclick='window.open(this.href);return false;'>Click to Open in Print View<\/a>\r\n\t\t<\/div><!--end .opencoupon --><\/div> <!--end #cctor_coupon_container --><!--start coupon container here -->\n\t\t<div id=\"coupon_creator_622\" class=\"coupon_creator_622 coupon-creator-622 type-cctor_coupon cctor_coupon_container  cctor_aligncenter  coupon-border\"><a class=\"cctor_wrap_link\" href=\"https:\/\/imnlagos.com.br\/2019\/cctor_coupon\/ultrassonografia-com-doppler\"  onclick=\"window.open(this.href);return false;\" rel=\"nofollow\">\n\t\t\t<div class=\"cctor_coupon cctor-coupon\">\n\t\t\t<div class=\"cctor_coupon_content cctor-coupon-content\" style=\"border-color:#81d742\"><h3 class=\"cctor-deal\" style=\"background-color:#4377df; color:#000000;\">ULTRASSONOGRAFIA COM DOPPLER -  - 10 % de Desconto (dez). Apenas D\u00e9bito, Dinheiro ou Pix.<\/h3><div class=\"cctor-terms\">INSTITUTO DE MEDICINA NUCLEAR\r\n\r\n&#8211; Cupom v\u00e1lido para as unidades de Maca\u00e9 ou Rio das Ostras, sem rasuras.<\/div><\/div> <!--end .cctor_coupon_content -->\n\t\t\t\t\t\t\t\t\t\t\t\t<\/div> <!--end .cctor_coupon --><\/a>\t\t<div class='cctor_opencoupon cctor-opencoupon'>\r\n\t\t<a class=\"print-link\" rel=\"nofollow\" href='https:\/\/imnlagos.com.br\/2019\/cctor_coupon\/ultrassonografia-com-doppler' onclick='window.open(this.href);return false;'>Click to Open in Print View<\/a>\r\n\t\t<\/div><!--end .opencoupon --><\/div> <!--end #cctor_coupon_container --><!--start coupon container here -->\n\t\t<div id=\"coupon_creator_621\" class=\"coupon_creator_621 coupon-creator-621 type-cctor_coupon cctor_coupon_container  cctor_aligncenter  coupon-border\"><a class=\"cctor_wrap_link\" href=\"https:\/\/imnlagos.com.br\/2019\/cctor_coupon\/ultrassonografia-geral\"  onclick=\"window.open(this.href);return false;\" rel=\"nofollow\">\n\t\t\t<div class=\"cctor_coupon cctor-coupon\">\n\t\t\t<div class=\"cctor_coupon_content cctor-coupon-content\" style=\"border-color:#81d742\"><h3 class=\"cctor-deal\" style=\"background-color:#4377df; color:#000000;\">ULTRASSONOGRAFIA GERAL -  - 10 % de Desconto (dez). Apenas D\u00e9bito, Dinheiro ou Pix.<\/h3><div class=\"cctor-terms\">Instituto de Medicina Nuclear.\r\n\r\n&#8211; Cupom v\u00e1lido para as unidades de Maca\u00e9 ou Rio das Ostras, sem rasuras.<\/div><\/div> <!--end .cctor_coupon_content -->\n\t\t\t\t\t\t\t\t\t\t\t\t<\/div> <!--end .cctor_coupon --><\/a>\t\t<div class='cctor_opencoupon cctor-opencoupon'>\r\n\t\t<a class=\"print-link\" rel=\"nofollow\" href='https:\/\/imnlagos.com.br\/2019\/cctor_coupon\/ultrassonografia-geral' onclick='window.open(this.href);return false;'>Click to Open in Print View<\/a>\r\n\t\t<\/div><!--end .opencoupon --><\/div> <!--end #cctor_coupon_container --><!--start coupon container here -->\n\t\t<div id=\"coupon_creator_620\" class=\"coupon_creator_620 coupon-creator-620 type-cctor_coupon cctor_coupon_container  cctor_aligncenter  coupon-border\"><a class=\"cctor_wrap_link\" href=\"https:\/\/imnlagos.com.br\/2019\/cctor_coupon\/paaf-de-tireoide-mama-e-outras-estruturas\"  onclick=\"window.open(this.href);return false;\" rel=\"nofollow\">\n\t\t\t<div class=\"cctor_coupon cctor-coupon\">\n\t\t\t<div class=\"cctor_coupon_content cctor-coupon-content\" style=\"border-color:#81d742\"><h3 class=\"cctor-deal\" style=\"background-color:#4377df; color:#000000;\">PAAF DE TIREOIDE, MAMA E OUTRAS ESTRUTURAS - 5% de Desconto (cinco). Apenas D\u00e9bito, Dinheiro ou Pix.<\/h3><div class=\"cctor-terms\">Instituto de Medicina Nuclear.\r\n\r\n&#8211; Cupom v\u00e1lido para as unidades de Maca\u00e9 ou Rio das Ostras, sem rasuras.<\/div><\/div> <!--end .cctor_coupon_content -->\n\t\t\t\t\t\t\t\t\t\t\t\t<\/div> <!--end .cctor_coupon --><\/a>\t\t<div class='cctor_opencoupon cctor-opencoupon'>\r\n\t\t<a class=\"print-link\" rel=\"nofollow\" href='https:\/\/imnlagos.com.br\/2019\/cctor_coupon\/paaf-de-tireoide-mama-e-outras-estruturas' onclick='window.open(this.href);return false;'>Click to Open in Print View<\/a>\r\n\t\t<\/div><!--end .opencoupon --><\/div> <!--end #cctor_coupon_container --><!--start coupon container here -->\n\t\t<div id=\"coupon_creator_618\" class=\"coupon_creator_618 coupon-creator-618 type-cctor_coupon cctor_coupon_container  cctor_aligncenter  coupon-border\"><a class=\"cctor_wrap_link\" href=\"https:\/\/imnlagos.com.br\/2019\/cctor_coupon\/core-biopsy-de-mama\"  onclick=\"window.open(this.href);return false;\" rel=\"nofollow\">\n\t\t\t<div class=\"cctor_coupon cctor-coupon\">\n\t\t\t<div class=\"cctor_coupon_content cctor-coupon-content\" style=\"border-color:#81d742\"><h3 class=\"cctor-deal\" style=\"background-color:#4377df; color:#000000;\">CORE BIOPSY DE MAMA - 5 % de Desconto (cinco). Apenas D\u00e9bito, Dinheiro ou Pix.<\/h3><div class=\"cctor-terms\">Instituto de Medicina Nuclear.\r\n\r\n&#8211; Cupom v\u00e1lido para as unidades de Maca\u00e9 ou Rio das Ostras, sem rasuras.<\/div><\/div> <!--end .cctor_coupon_content -->\n\t\t\t\t\t\t\t\t\t\t\t\t<\/div> <!--end .cctor_coupon --><\/a>\t\t<div class='cctor_opencoupon cctor-opencoupon'>\r\n\t\t<a class=\"print-link\" rel=\"nofollow\" href='https:\/\/imnlagos.com.br\/2019\/cctor_coupon\/core-biopsy-de-mama' onclick='window.open(this.href);return false;'>Click to Open in Print View<\/a>\r\n\t\t<\/div><!--end .opencoupon --><\/div> <!--end #cctor_coupon_container --><!--start coupon container here -->\n\t\t<div id=\"coupon_creator_617\" class=\"coupon_creator_617 coupon-creator-617 type-cctor_coupon cctor_coupon_container  cctor_aligncenter  coupon-border\"><a class=\"cctor_wrap_link\" href=\"https:\/\/imnlagos.com.br\/2019\/cctor_coupon\/preventivo-ginecologico\"  onclick=\"window.open(this.href);return false;\" rel=\"nofollow\">\n\t\t\t<div class=\"cctor_coupon cctor-coupon\">\n\t\t\t<div class=\"cctor_coupon_content cctor-coupon-content\" style=\"border-color:#81d742\"><h3 class=\"cctor-deal\" style=\"background-color:#4377df; color:#000000;\">PREVENTIVO GINECOL\u00d3GICO -  - 10 % de Desconto (dez). Apenas D\u00e9bito, Dinheiro ou Pix.<\/h3><div class=\"cctor-terms\">Instituto de Medicina Nuclear.\r\n\r\n&#8211; Cupom v\u00e1lido para as unidades de Maca\u00e9 ou Rio das Ostras, sem rasuras.<\/div><\/div> <!--end .cctor_coupon_content -->\n\t\t\t\t\t\t\t\t\t\t\t\t<\/div> <!--end .cctor_coupon --><\/a>\t\t<div class='cctor_opencoupon cctor-opencoupon'>\r\n\t\t<a class=\"print-link\" rel=\"nofollow\" href='https:\/\/imnlagos.com.br\/2019\/cctor_coupon\/preventivo-ginecologico' onclick='window.open(this.href);return false;'>Click to Open in Print View<\/a>\r\n\t\t<\/div><!--end .opencoupon --><\/div> <!--end #cctor_coupon_container --><!--start coupon container here -->\n\t\t<div id=\"coupon_creator_616\" class=\"coupon_creator_616 coupon-creator-616 type-cctor_coupon cctor_coupon_container  cctor_aligncenter  coupon-border\"><a class=\"cctor_wrap_link\" href=\"https:\/\/imnlagos.com.br\/2019\/cctor_coupon\/exame-histopatologico-biopsia-10-de-desconto\"  onclick=\"window.open(this.href);return false;\" rel=\"nofollow\">\n\t\t\t<div class=\"cctor_coupon cctor-coupon\">\n\t\t\t<div class=\"cctor_coupon_content cctor-coupon-content\" style=\"border-color:#81d742\"><h3 class=\"cctor-deal\" style=\"background-color:#4377df; color:#000000;\">EXAME HISTOPATOL\u00d3GICO - Bi\u00f3psias - 10 % de Desconto (dez). Apenas D\u00e9bito, Dinheiro ou Pix.<\/h3><div class=\"cctor-terms\">Instituto de Medicina Nuclear.\r\n\r\n&#8211; Cupom v\u00e1lido para as unidades de Maca\u00e9 ou Rio das Ostras, sem rasuras.<\/div><\/div> <!--end .cctor_coupon_content -->\n\t\t\t\t\t\t\t\t\t\t\t\t<\/div> <!--end .cctor_coupon --><\/a>\t\t<div class='cctor_opencoupon cctor-opencoupon'>\r\n\t\t<a class=\"print-link\" rel=\"nofollow\" href='https:\/\/imnlagos.com.br\/2019\/cctor_coupon\/exame-histopatologico-biopsia-10-de-desconto' onclick='window.open(this.href);return false;'>Click to Open in Print View<\/a>\r\n\t\t<\/div><!--end .opencoupon --><\/div> <!--end #cctor_coupon_container --><!--start coupon container here -->\n\t\t<div id=\"coupon_creator_615\" class=\"coupon_creator_615 coupon-creator-615 type-cctor_coupon cctor_coupon_container  cctor_aligncenter  coupon-border\"><a class=\"cctor_wrap_link\" href=\"https:\/\/imnlagos.com.br\/2019\/cctor_coupon\/eletroencefalograma\"  onclick=\"window.open(this.href);return false;\" rel=\"nofollow\">\n\t\t\t<div class=\"cctor_coupon cctor-coupon\">\n\t\t\t<div class=\"cctor_coupon_content cctor-coupon-content\" style=\"border-color:#81d742\"><h3 class=\"cctor-deal\" style=\"background-color:#4377df; color:#000000;\">ELETROENCEFALOGRAMA -  - 20 % de Desconto (vinte). Apenas D\u00e9bito, Dinheiro ou Pix.<\/h3><div class=\"cctor-terms\">Instituto de Medicina Nuclear.\r\n\r\n&#8211; Cupom v\u00e1lido para as unidades de Maca\u00e9 ou Rio das Ostras.<\/div><\/div> <!--end .cctor_coupon_content -->\n\t\t\t\t\t\t\t\t\t\t\t\t<\/div> <!--end .cctor_coupon --><\/a>\t\t<div class='cctor_opencoupon cctor-opencoupon'>\r\n\t\t<a class=\"print-link\" rel=\"nofollow\" href='https:\/\/imnlagos.com.br\/2019\/cctor_coupon\/eletroencefalograma' onclick='window.open(this.href);return false;'>Click to Open in Print View<\/a>\r\n\t\t<\/div><!--end .opencoupon --><\/div> <!--end #cctor_coupon_container --><!--start coupon container here -->\n\t\t<div id=\"coupon_creator_568\" class=\"coupon_creator_568 coupon-creator-568 type-cctor_coupon cctor_coupon_container  cctor_aligncenter  coupon-border\"><a class=\"cctor_wrap_link\" href=\"https:\/\/imnlagos.com.br\/2019\/cctor_coupon\/raios-x\"  onclick=\"window.open(this.href);return false;\" rel=\"nofollow\">\n\t\t\t<div class=\"cctor_coupon cctor-coupon\">\n\t\t\t<div class=\"cctor_coupon_content cctor-coupon-content\" style=\"border-color:#81d742\"><h3 class=\"cctor-deal\" style=\"background-color:#4377df; color:#000000;\">RAIOS X -  20 % de Desconto (vinte). Apenas D\u00e9bito, Dinheiro ou Pix.<\/h3><div class=\"cctor-terms\">INSTITUTO DE MEDICINA NUCLEAR\r\n\r\nApresente este cupom a recep\u00e7\u00e3o da unidade de Maca\u00e9 ou Rio das Ostras.<\/div><\/div> <!--end .cctor_coupon_content -->\n\t\t\t\t\t\t\t\t\t\t\t\t<\/div> <!--end .cctor_coupon --><\/a>\t\t<div class='cctor_opencoupon cctor-opencoupon'>\r\n\t\t<a class=\"print-link\" rel=\"nofollow\" href='https:\/\/imnlagos.com.br\/2019\/cctor_coupon\/raios-x' onclick='window.open(this.href);return false;'>Click to Open in Print View<\/a>\r\n\t\t<\/div><!--end .opencoupon --><\/div> <!--end #cctor_coupon_container --><!--start coupon container here -->\n\t\t<div id=\"coupon_creator_224\" class=\"coupon_creator_224 coupon-creator-224 type-cctor_coupon cctor_coupon_container medicina-diagnostica cctor_aligncenter  coupon-border\"><a class=\"cctor_wrap_link\" href=\"https:\/\/imnlagos.com.br\/2019\/cctor_coupon\/densitometria-ossea\"  onclick=\"window.open(this.href);return false;\" rel=\"nofollow\">\n\t\t\t<div class=\"cctor_coupon cctor-coupon\">\n\t\t\t<div class=\"cctor_coupon_content cctor-coupon-content\" style=\"border-color:#81d742\"><h3 class=\"cctor-deal\" style=\"background-color:#4377df; color:#000000;\">DENSITOMETRIA \u00d3SSEA -  20 % de Desconto (vinte). Apenas D\u00e9bito, Dinheiro ou Pix.<\/h3><div class=\"cctor-terms\">Instituto de Medicina Nuclear\r\n&#8211; Cupom v\u00e1lido para as unidades de Maca\u00e9 ou Rio das Ostras, sem rasuras.<\/div><\/div> <!--end .cctor_coupon_content -->\n\t\t\t\t\t\t\t\t\t\t\t\t<\/div> <!--end .cctor_coupon --><\/a>\t\t<div class='cctor_opencoupon cctor-opencoupon'>\r\n\t\t<a class=\"print-link\" rel=\"nofollow\" href='https:\/\/imnlagos.com.br\/2019\/cctor_coupon\/densitometria-ossea' onclick='window.open(this.href);return false;'>Click to Open in Print View<\/a>\r\n\t\t<\/div><!--end .opencoupon --><\/div> <!--end #cctor_coupon_container --><!--start coupon container here -->\n\t\t<div id=\"coupon_creator_196\" class=\"coupon_creator_196 coupon-creator-196 type-cctor_coupon cctor_coupon_container medicina-diagnostica cctor_aligncenter  coupon-border\"><a class=\"cctor_wrap_link\" href=\"https:\/\/imnlagos.com.br\/2019\/cctor_coupon\/analises-clinicas-cupom-exemplo\"  onclick=\"window.open(this.href);return false;\" rel=\"nofollow\">\n\t\t\t<div class=\"cctor_coupon cctor-coupon\">\n\t\t\t<div class=\"cctor_coupon_content cctor-coupon-content\" style=\"border-color:#81d742\"><h3 class=\"cctor-deal\" style=\"background-color:#4377df; color:#000000;\">LABORAT\u00d3RIO -  10 % de Desconto (dez). Apenas D\u00e9bito, Dinheiro ou Pix.<\/h3><div class=\"cctor-terms\">INSTITUTO DE MEDICINA NUCLEAR\r\n\r\n&#8211; Cupom v\u00e1lido para as unidades de Maca\u00e9 ou Rio das Ostras, sem rasuras.<\/div><\/div> <!--end .cctor_coupon_content -->\n\t\t\t\t\t\t\t\t\t\t\t\t<\/div> <!--end .cctor_coupon --><\/a>\t\t<div class='cctor_opencoupon cctor-opencoupon'>\r\n\t\t<a class=\"print-link\" rel=\"nofollow\" href='https:\/\/imnlagos.com.br\/2019\/cctor_coupon\/analises-clinicas-cupom-exemplo' onclick='window.open(this.href);return false;'>Click to Open in Print View<\/a>\r\n\t\t<\/div><!--end .opencoupon --><\/div> <!--end #cctor_coupon_container -->\n","protected":false},"excerpt":{"rendered":"<p>Por gentileza, queira escolher o servi\u00e7o, imprimir o cupom e apresent\u00e1-lo a recep\u00e7\u00e3o.<\/p>\n","protected":false},"author":1,"featured_media":0,"parent":0,"menu_order":0,"comment_status":"closed","ping_status":"closed","template":"","meta":[],"_links":{"self":[{"href":"https:\/\/imnlagos.com.br\/2019\/wp-json\/wp\/v2\/pages\/197"}],"collection":[{"href":"https:\/\/imnlagos.com.br\/2019\/wp-json\/wp\/v2\/pages"}],"about":[{"href":"https:\/\/imnlagos.com.br\/2019\/wp-json\/wp\/v2\/types\/page"}],"author":[{"embeddable":true,"href":"https:\/\/imnlagos.com.br\/2019\/wp-json\/wp\/v2\/users\/1"}],"replies":[{"embeddable":true,"href":"https:\/\/imnlagos.com.br\/2019\/wp-json\/wp\/v2\/comments?post=197"}],"version-history":[{"count":11,"href":"https:\/\/imnlagos.com.br\/2019\/wp-json\/wp\/v2\/pages\/197\/revisions"}],"predecessor-version":[{"id":1426,"href":"https:\/\/imnlagos.com.br\/2019\/wp-json\/wp\/v2\/pages\/197\/revisions\/1426"}],"wp:attachment":[{"href":"https:\/\/imnlagos.com.br\/2019\/wp-json\/wp\/v2\/media?parent=197"}],"curies":[{"name":"wp","href":"https:\/\/api.w.org\/{rel}","templated":true}]}}