{"id":1752,"date":"2021-10-06T09:52:57","date_gmt":"2021-10-06T12:52:57","guid":{"rendered":"https:\/\/imnlagos.com.br\/2019\/?page_id=1752"},"modified":"2024-10-30T11:30:05","modified_gmt":"2024-10-30T14:30:05","slug":"trabalhe-conosco","status":"publish","type":"page","link":"https:\/\/imnlagos.com.br\/2019\/trabalhe-conosco","title":{"rendered":"Trabalhe conosco"},"content":{"rendered":"<p><u><img loading=\"lazy\" src=\"https:\/\/imnlagos.com.br\/2019\/wp-content\/uploads\/2021\/10\/Medico.jpg\" alt=\"\" width=\"268\" height=\"301\" \/>Ol\u00e1!<\/u><\/p>\n<p>O Instituto de Medicina Nuclear \u00e9 uma empresa\u00a0 que\u00a0 possui\u00a0 grande\u00a0 experi\u00eancia em &#8220;Diagn\u00f3sticos M\u00e9dicos&#8221;, pois conta com valorosos Colaboradores, que s\u00e3o os verdadeiros respons\u00e1veis pela sua hist\u00f3ria de sucesso.<br \/>\nCaso voc\u00ea queira se candidatar a integrar o quadro de funcion\u00e1rios do IMN, pedimos a gentileza de enviar informa\u00e7\u00f5es e um curr\u00edculo para o seguinte endere\u00e7o eletr\u00f4nico (e_mail):<\/p>\n<p>imn.trabalheconosco@yahoo.com<\/p>\n<p>Para melhor dilig\u00eancia, an\u00e1lise e identifica\u00e7\u00e3o da a sua pretens\u00e3o, sugerimos obedecer os seguintes crit\u00e9rios no e_mail enviado:<\/p>\n<p>1 &#8211; Em assunto, escreva o cargo pretendido:<br \/>\nExemplo: Biom\u00e9dico em laborat\u00f3rio, Biom\u00e9dico em Imagem, Est\u00e1gio de Auxiliar de Laborat\u00f3rio, Recepcionista em Rio das Ostras, Ger\u00eancia Administrativa etc.<\/p>\n<p>2 &#8211; No corpo do e_mail, escreva informa\u00e7\u00f5es relevantes que queira citar e n\u00e3o esteja no curr\u00edculo.<br \/>\nExemplo: Sou habilitado em ve\u00edculos e motos, Tenho grande experi\u00eancia em lideran\u00e7a de pessoas etc.<\/p>\n<p>3 &#8211; No anexo envie o curr\u00edculo.<br \/>\nO curr\u00edculo deve conter endere\u00e7o, telefone, e_mail, forma\u00e7\u00e3o e experi\u00eancia profissional.<\/p>\n<p>Havendo disponibilidade, entraremos em contato.<\/p>\n<p>Agradecemos o seu interesse e lhe desejamos boa sorte.<\/p>\n<p>Equipe IMN<\/p>\n","protected":false},"excerpt":{"rendered":"<p>Ol\u00e1! O Instituto de Medicina Nuclear \u00e9 uma empresa\u00a0 que\u00a0 possui\u00a0 grande\u00a0 experi\u00eancia em &#8220;Diagn\u00f3sticos M\u00e9dicos&#8221;, pois conta com valorosos Colaboradores, que s\u00e3o os verdadeiros respons\u00e1veis pela sua hist\u00f3ria de sucesso. Caso voc\u00ea queira se candidatar a integrar o quadro de funcion\u00e1rios do IMN, pedimos a gentileza de enviar informa\u00e7\u00f5es e um curr\u00edculo para o&hellip;<\/p>\n","protected":false},"author":2,"featured_media":0,"parent":0,"menu_order":0,"comment_status":"closed","ping_status":"closed","template":"","meta":[],"_links":{"self":[{"href":"https:\/\/imnlagos.com.br\/2019\/wp-json\/wp\/v2\/pages\/1752"}],"collection":[{"href":"https:\/\/imnlagos.com.br\/2019\/wp-json\/wp\/v2\/pages"}],"about":[{"href":"https:\/\/imnlagos.com.br\/2019\/wp-json\/wp\/v2\/types\/page"}],"author":[{"embeddable":true,"href":"https:\/\/imnlagos.com.br\/2019\/wp-json\/wp\/v2\/users\/2"}],"replies":[{"embeddable":true,"href":"https:\/\/imnlagos.com.br\/2019\/wp-json\/wp\/v2\/comments?post=1752"}],"version-history":[{"count":71,"href":"https:\/\/imnlagos.com.br\/2019\/wp-json\/wp\/v2\/pages\/1752\/revisions"}],"predecessor-version":[{"id":2529,"href":"https:\/\/imnlagos.com.br\/2019\/wp-json\/wp\/v2\/pages\/1752\/revisions\/2529"}],"wp:attachment":[{"href":"https:\/\/imnlagos.com.br\/2019\/wp-json\/wp\/v2\/media?parent=1752"}],"curies":[{"name":"wp","href":"https:\/\/api.w.org\/{rel}","templated":true}]}}