{"id":1262,"date":"2021-07-05T11:59:26","date_gmt":"2021-07-05T14:59:26","guid":{"rendered":"https:\/\/imnlagos.com.br\/2019\/?page_id=1262"},"modified":"2021-07-06T19:57:08","modified_gmt":"2021-07-06T22:57:08","slug":"preparo-em-raios-x","status":"publish","type":"page","link":"https:\/\/imnlagos.com.br\/2019\/preparo-em-raios-x","title":{"rendered":"Preparo em Raios X"},"content":{"rendered":"<p><img loading=\"lazy\" class=\"alignnone wp-image-629\" src=\"https:\/\/imnlagos.com.br\/2019\/wp-content\/uploads\/2019\/07\/7-3-RADIOLOGIA-300x43.jpg\" alt=\"\" width=\"740\" height=\"106\" srcset=\"https:\/\/imnlagos.com.br\/2019\/wp-content\/uploads\/2019\/07\/7-3-RADIOLOGIA-300x43.jpg 300w, https:\/\/imnlagos.com.br\/2019\/wp-content\/uploads\/2019\/07\/7-3-RADIOLOGIA-768x109.jpg 768w, https:\/\/imnlagos.com.br\/2019\/wp-content\/uploads\/2019\/07\/7-3-RADIOLOGIA-1024x146.jpg 1024w, https:\/\/imnlagos.com.br\/2019\/wp-content\/uploads\/2019\/07\/7-3-RADIOLOGIA-600x86.jpg 600w, https:\/\/imnlagos.com.br\/2019\/wp-content\/uploads\/2019\/07\/7-3-RADIOLOGIA-390x56.jpg 390w\" sizes=\"(max-width: 740px) 100vw, 740px\" \/><\/p>\n<p><strong>INSTRU\u00c7\u00d5ES GERAIS<\/strong><\/p>\n<p>&#8211; Para exames rotineiros do esqueleto, em geral.<br \/>\n&#8211; N\u00e3o necessitam preparo pr\u00e9vio.<br \/>\n&#8211; Para exames abdominais.<br \/>\n&#8211; Fa\u00e7a uma alimenta\u00e7\u00e3o leve no dia anterior ao exame.<br \/>\n&#8211; Jejum de 8 horas.<br \/>\n&#8211; Tomar 8 gostas de luftal de 8 em 8 hs \u00a0e 2 comprimidos de DUCOLAX as 20 h do dia anterior ao exame.<br \/>\n&#8211; Trazer exames anteriores e aqueles relacionados ao caso..<br \/>\n&#8211; Para exames contrastados, consulte a cl\u00ednica.<\/p>\n<p style=\"text-align: center;\"><strong><a href=\"https:\/\/imnlagos.com.br\/2019\">VOLTAR<\/a><\/strong><\/p>\n","protected":false},"excerpt":{"rendered":"<p>INSTRU\u00c7\u00d5ES GERAIS &#8211; Para exames rotineiros do esqueleto, em geral. &#8211; N\u00e3o necessitam preparo pr\u00e9vio. &#8211; Para exames abdominais. &#8211; Fa\u00e7a uma alimenta\u00e7\u00e3o leve no dia anterior ao exame. &#8211; Jejum de 8 horas. &#8211; Tomar 8 gostas de luftal de 8 em 8 hs \u00a0e 2 comprimidos de DUCOLAX as 20 h do dia&hellip;<\/p>\n","protected":false},"author":2,"featured_media":0,"parent":0,"menu_order":0,"comment_status":"closed","ping_status":"closed","template":"","meta":[],"_links":{"self":[{"href":"https:\/\/imnlagos.com.br\/2019\/wp-json\/wp\/v2\/pages\/1262"}],"collection":[{"href":"https:\/\/imnlagos.com.br\/2019\/wp-json\/wp\/v2\/pages"}],"about":[{"href":"https:\/\/imnlagos.com.br\/2019\/wp-json\/wp\/v2\/types\/page"}],"author":[{"embeddable":true,"href":"https:\/\/imnlagos.com.br\/2019\/wp-json\/wp\/v2\/users\/2"}],"replies":[{"embeddable":true,"href":"https:\/\/imnlagos.com.br\/2019\/wp-json\/wp\/v2\/comments?post=1262"}],"version-history":[{"count":4,"href":"https:\/\/imnlagos.com.br\/2019\/wp-json\/wp\/v2\/pages\/1262\/revisions"}],"predecessor-version":[{"id":1306,"href":"https:\/\/imnlagos.com.br\/2019\/wp-json\/wp\/v2\/pages\/1262\/revisions\/1306"}],"wp:attachment":[{"href":"https:\/\/imnlagos.com.br\/2019\/wp-json\/wp\/v2\/media?parent=1262"}],"curies":[{"name":"wp","href":"https:\/\/api.w.org\/{rel}","templated":true}]}}