{"id":1198,"date":"2021-07-03T15:13:25","date_gmt":"2021-07-03T18:13:25","guid":{"rendered":"https:\/\/imnlagos.com.br\/2019\/?page_id=1198"},"modified":"2022-06-20T09:42:13","modified_gmt":"2022-06-20T12:42:13","slug":"exames-laboratoriais","status":"publish","type":"page","link":"https:\/\/imnlagos.com.br\/2019\/exames-laboratoriais","title":{"rendered":"Preparo em Exames Laboratoriais"},"content":{"rendered":"<p><strong><img loading=\"lazy\" class=\"wp-image-571 alignleft\" src=\"https:\/\/imnlagos.com.br\/2019\/wp-content\/uploads\/2019\/06\/1-LABORATORIO-2-300x57.jpg\" alt=\"\" width=\"836\" height=\"159\" srcset=\"https:\/\/imnlagos.com.br\/2019\/wp-content\/uploads\/2019\/06\/1-LABORATORIO-2-300x57.jpg 300w, https:\/\/imnlagos.com.br\/2019\/wp-content\/uploads\/2019\/06\/1-LABORATORIO-2-768x146.jpg 768w, https:\/\/imnlagos.com.br\/2019\/wp-content\/uploads\/2019\/06\/1-LABORATORIO-2-600x114.jpg 600w, https:\/\/imnlagos.com.br\/2019\/wp-content\/uploads\/2019\/06\/1-LABORATORIO-2-390x74.jpg 390w, https:\/\/imnlagos.com.br\/2019\/wp-content\/uploads\/2019\/06\/1-LABORATORIO-2.jpg 852w\" sizes=\"(max-width: 836px) 100vw, 836px\" \/><\/strong><\/p>\n<p>&nbsp;<\/p>\n<p>&nbsp;<\/p>\n<p>&nbsp;<\/p>\n<p>&nbsp;<\/p>\n<p>&nbsp;<\/p>\n<p><strong>\u00a0<\/strong><strong>INSTRU\u00c7\u00d5ES GERAIS<\/strong><\/p>\n<p><strong>&#8211; Mesmo estando em jejum n\u00e3o <\/strong><strong>precisa <\/strong><strong>deixar de beber \u00e1gua<\/strong><strong>.<br \/>\n<\/strong><strong>&#8211; <\/strong><strong>S<\/strong><strong>e estiver usando medicamentos relate para o t\u00e9cnico de coleta.<br \/>\n<\/strong><strong>&#8211; N\u00e3o suspenda os medicamentos de uso rotineiro sem autoriza\u00e7\u00e3o m\u00e9dica.<br \/>\n<\/strong><strong>&#8211; Gestantes e crian\u00e7as siga a orienta\u00e7\u00e3o do m\u00e9dico sobre o jejum.<\/strong><\/p>\n<p><strong>EXAMES NO SANGUE:<\/strong><\/p>\n<p>&#8211; Deve ser realizado preferencialmente em jejum.<br \/>\n&#8211; Glicose e outros exames rotineiros \u2013 8h.<br \/>\n&#8211; Colesterol, triglicer\u00eddeos e lipidograma \u2013 12h.<br \/>\n&#8211; Horm\u00f4nios, Cortisol, Prolactina, outros \u2013 4h.<br \/>\n&#8211; Cortisol, deve ser colhido as 8h ou sob recomenda\u00e7\u00e3o m\u00e9dica.<br \/>\n&#8211; Prolactina, deve evitar exerc\u00edcio pr\u00f3ximo \u00e0 coleta (repouso de 30 minutos), evitar rela\u00e7\u00f5es sexuais e mamografia 24 horas antes.<br \/>\n&#8211; Glicemia P\u00f3s Prandial \u2013 colhido 2 horas ap\u00f3s fazer uma refei\u00e7\u00e3o do dia a dia. &#8211; Glicemia P\u00f3s Dextrosol \u2013 colhido 1 a 2 horas ap\u00f3s ingerir 75g de dextrosol.<br \/>\n&#8211; Curva Glic\u00eamica \u2013 s\u00e3o realizadas v\u00e1rias coletas para a medida da glicose: jejum, 30 minutos, 60 minutos, 120 minutos, 240 minutos. Antes de cada coleta, \u00e9 medida a glicose na urina (glicos\u00faria).<br \/>\n&#8211; PSA total e livre \u2013 A coleta deve obedecer aos seguintes intervalos: jejum (4 horas); ejacula\u00e7\u00e3o (48 horas); exerc\u00edcios pesados (24 horas); bicicleta, motocicleta e cavalo (48 horas); toque retal (72 h); bi\u00f3psia de pr\u00f3stata (4 semanas); massagem na pr\u00f3stata (4 semanas); ultrassom transretal (7 dias).<\/p>\n<p><strong>EXAMES NAS FEZES:<\/strong><\/p>\n<p><strong>&#8211; Parasitol\u00f3gico<\/strong><br \/>\n&#8211; Deve ser coletado, preferencialmente, na manh\u00e3 do dia de entrega ao laborat\u00f3rio;<br \/>\n&#8211; Se coletado no dia anterior, deve ser armazenada na geladeira;<br \/>\n&#8211; O recipiente deve ser adequado, oferecido pelo laborat\u00f3rio ou adquirido em farm\u00e1cias;<br \/>\n&#8211;\u00a0Para maior sensibilidade, colher 3 pequenas amostras (in\u00edcio, meio e fim) do mesmo material fecal.<\/p>\n<p><strong>&#8211; Parasitol\u00f3gico (MIF) \u2013 coleta com conservante<\/strong><br \/>\n&#8211; Coletar amostras em 03 (tr\u00eas) dias consecutivos ou alternados em recipiente espec\u00edfico contendo\u00a0l\u00edquido conservante (oferecido pelo laborat\u00f3rio ou adquirido em farm\u00e1cia).<br \/>\n&#8211; ATEN\u00c7\u00c3O: O l\u00edquido conservante \u00e9 t\u00f3xico (n\u00e3o ingerir).<\/p>\n<p>&#8211;<strong> Pesquisa de sangue oculto<\/strong><br \/>\n&#8211; Coletar pequena amostra de fezes recentes, em recipiente adequado e entregar ao laborat\u00f3rio.<br \/>\n&#8211; Evitar coletar durante o per\u00edodo menstrual ou quando houver sangramento local.<br \/>\n&#8211; Evitar o uso de medicamentos irritantes do trato gastrointestinal (analg\u00e9sicos, anti-inflamat\u00f3rios,<br \/>\naspirina, vitamina C).<\/p>\n<p>&#8211;<strong> Pesquisa de gordura fecal<\/strong><br \/>\n&#8211; N\u00e3o use suposit\u00f3rios ou laxantes e evite contamina\u00e7\u00e3o das fezes com urina.<br \/>\n&#8211; Acrescentar \u00e0 dieta habitual por dois dias: 03 (tr\u00eas) colheres de sopa de azeite, 03 (tr\u00eas) fatias de presunto gordo, 03 (tr\u00eas) colheres de sopa de creme de leite, 01 (uma) colher de sopa de manteiga (n\u00e3o pode ser margarina), 01 (uma) fatia de queijo.<br \/>\n&#8211; Coletar todas as fezes por tr\u00eas dias (at\u00e9 1 dia ap\u00f3s a recomenda\u00e7\u00e3o acima) , acondicionando em recipiente pl\u00e1stico com\u00a0 identifica\u00e7\u00e3o.<br \/>\n&#8211; Anote dia e hor\u00e1rio de todas as coletas desde o in\u00edcio.<br \/>\n&#8211; Entregue o material coletado ao laborat\u00f3rio.<\/p>\n<p><strong>EXAME NA URINA:<\/strong><\/p>\n<p><strong>&#8211; Coleta de urina para exame de rotina \u2013 EAS<br \/>\n&#8211;\u00a0<\/strong>Fazer higieniza\u00e7\u00e3o da regi\u00e3o genital com agua e sab\u00e3o.<br \/>\n&#8211; Desprezar o primeiro jato urin\u00e1rio e colher o restante, o suficiente para encher o recipiente.<br \/>\n&#8211; Entregar o material ao laborat\u00f3rio o mais brevemente poss\u00edvel, at\u00e9 1 hora. Caso n\u00e3o seja poss\u00edvel, armazenar em geladeira ou recipiente com gelo.<\/p>\n<p><strong>&#8211; Coleta de urina para exame de 24 horas<\/strong><br \/>\n<strong>&#8211;\u00a0<\/strong>Pela manh\u00e3, ao levantar-se, esvaziar a bexiga desprezando toda a urina e marcar a hora exata.<br \/>\n&#8211; Coletar todas as urinas eliminadas pelas pr\u00f3ximas 24 horas em um ou mais recipientes pl\u00e1sticos limpos, inclusive a urina ao levanta-se no dia seguinte, mantendo os recipientes na geladeira.<\/p>\n<p>&#8211; Entregar imediatamente ao laborat\u00f3rio.<br \/>\n&#8211; Alguns exames necessitam de coleta de sangue, como Clearance de Creatinina e, neste caso, o examinado deve comparece ao laborat\u00f3rio em jejum de 6 horas.<\/p>\n<p>&#8211;\u00a0<strong>Coleta de urina para cultura e contagem de col\u00f4nia e antibiograma (Urocultura)<\/strong><br \/>\n<strong>&#8211; <\/strong>A urina deve ser coletada pela manh\u00e3, no dia de entrega ao laborat\u00f3rio.<br \/>\n&#8211; Fazer uma boa higiene da regi\u00e3o genital, com \u00e1gua e sab\u00e3o e enxaguar bem. <strong>N\u00c3O USAR ANTISS\u00c9PTICOS<\/strong>.<br \/>\n&#8211; Desprezar o primeiro jato e coletar apenas o jato m\u00e9dio em frasco esterilizado (oferecido pelo laborat\u00f3rio ou adquirido em farm\u00e1cias);<br \/>\n&#8211; A amostra deve ser entregue ao laborat\u00f3rio\u00a0 o mais breve poss\u00edvel.<br \/>\n&#8211; Caso esteja usando antibi\u00f3ticos, certifique-se com o seu m\u00e9dico sobre a necessidade\/tempo de interrup\u00e7\u00e3o.<\/p>\n<p><strong>&#8211; Coleta de urina com saco coletor (indicado em crian\u00e7as)<\/strong><br \/>\n<strong>&#8211;\u00a0<\/strong>Fazer higiene da regi\u00e3o genital com \u00e1gua e sab\u00e3o e n\u00e3o usar antiss\u00e9pticos.<br \/>\n&#8211; Nos meninos, retrair o prep\u00facio e lavar bem.<br \/>\n&#8211; Nas meninas, limpar sempre de cima para baixo.<br \/>\n&#8211; Secar a regi\u00e3o com gaze ou toalha limpa.<br \/>\n&#8211; Retirar o papel que recobre a parte adesiva e fixar o orif\u00edcio do saco coletor.<br \/>\n&#8211; Assim que a crian\u00e7a urinar, fechar bem o saco, colando as bordas do orif\u00edcio.<br \/>\n&#8211; Manter o saco com urina em geladeira at\u00e9 levar ao laborat\u00f3rio.<\/p>\n<p><strong>EXAME NO ESCARRO:<\/strong><\/p>\n<p><strong>&#8211;\u00a0<\/strong><strong>Pesquisa de BAAR, Cultura para BK, Pesquisa direta de Fungos, Bacterioscopia \u2013 GRAM<\/strong><br \/>\n&#8211; A coleta deve ser feita preferencialmente pela manh\u00e3 ao acordar, antes da ingest\u00e3o de alimentos s\u00f3lidos ou l\u00edquidos.<br \/>\n&#8211; Fazer higiene oral com bochechos e gargarejos somente com \u00e1gua.<br \/>\n&#8211; Inspirar profundamente algumas vezes e tossir procurando expectorar a quantidade m\u00e1xima de<br \/>\nsecre\u00e7\u00e3o dos pulm\u00f5es. Cuidado para n\u00e3o coletar apenas saliva ao inv\u00e9s de escarro, para n\u00e3o invalidar o exame;<br \/>\n&#8211; Recolher o catarro diretamente no recipiente est\u00e9ril adequado, tampando-o imediatamente e entregar ao laborat\u00f3rio.<\/p>\n<p><strong>EXAME NO ESPERMA:<br \/>\n&#8211; Espermograma \/ Espermocultura<\/strong><\/p>\n<p>&#8211; Permanecer de 3 \u00e0 7 dias (ideal 5 dias) sem atividade sexual ou a crit\u00e9rio do seu m\u00e9dico.<\/p>\n<p>&#8211; Compare\u00e7a ao laborat\u00f3rio, preferencialmente pela manh\u00e3, para a coleta.<\/p>\n<p>&#8211; A coleta \u00e9 feita por masturba\u00e7\u00e3o manual, n\u00e3o podendo ser utilizado qualquer tipo de lubrificante.<\/p>\n<p>&#8211; Caso haja perda de amostra, dever\u00e1 ser realizada nova coleta ap\u00f3s novo per\u00edodo de abstin\u00eancia.<\/p>\n<p><strong>\u00a0EXAME PARA PESQUISA DE FUNGOS:<\/strong><\/p>\n<p>&#8211; Suspender medicamentos antimic\u00f3ticos, esmaltes, cremes e lo\u00e7\u00f5es no local a ser examinado com intervalo m\u00ednimo de 15 dias.<br \/>\n&#8211; Comparecer ao laborat\u00f3rio para o exame.<\/p>\n<p style=\"text-align: center;\"><strong><a href=\"https:\/\/imnlagos.com.br\/2019\">VOLTAR<\/a><\/strong><\/p>\n","protected":false},"excerpt":{"rendered":"<p>&nbsp; &nbsp; &nbsp; &nbsp; &nbsp; \u00a0INSTRU\u00c7\u00d5ES GERAIS &#8211; Mesmo estando em jejum n\u00e3o precisa deixar de beber \u00e1gua. &#8211; Se estiver usando medicamentos relate para o t\u00e9cnico de coleta. &#8211; N\u00e3o suspenda os medicamentos de uso rotineiro sem autoriza\u00e7\u00e3o m\u00e9dica. &#8211; Gestantes e crian\u00e7as siga a orienta\u00e7\u00e3o do m\u00e9dico sobre o jejum. EXAMES NO SANGUE:&hellip;<\/p>\n","protected":false},"author":2,"featured_media":0,"parent":0,"menu_order":0,"comment_status":"closed","ping_status":"closed","template":"","meta":[],"_links":{"self":[{"href":"https:\/\/imnlagos.com.br\/2019\/wp-json\/wp\/v2\/pages\/1198"}],"collection":[{"href":"https:\/\/imnlagos.com.br\/2019\/wp-json\/wp\/v2\/pages"}],"about":[{"href":"https:\/\/imnlagos.com.br\/2019\/wp-json\/wp\/v2\/types\/page"}],"author":[{"embeddable":true,"href":"https:\/\/imnlagos.com.br\/2019\/wp-json\/wp\/v2\/users\/2"}],"replies":[{"embeddable":true,"href":"https:\/\/imnlagos.com.br\/2019\/wp-json\/wp\/v2\/comments?post=1198"}],"version-history":[{"count":24,"href":"https:\/\/imnlagos.com.br\/2019\/wp-json\/wp\/v2\/pages\/1198\/revisions"}],"predecessor-version":[{"id":1898,"href":"https:\/\/imnlagos.com.br\/2019\/wp-json\/wp\/v2\/pages\/1198\/revisions\/1898"}],"wp:attachment":[{"href":"https:\/\/imnlagos.com.br\/2019\/wp-json\/wp\/v2\/media?parent=1198"}],"curies":[{"name":"wp","href":"https:\/\/api.w.org\/{rel}","templated":true}]}}